{"id":1592,"date":"2025-06-28T11:46:55","date_gmt":"2025-06-28T09:46:55","guid":{"rendered":"https:\/\/uj.adatbank.ro\/lexikon\/termek\/adleff-samuel\/"},"modified":"2025-06-28T11:46:55","modified_gmt":"2025-06-28T09:46:55","slug":"adleff-samuel","status":"publish","type":"product","link":"https:\/\/uj.adatbank.ro\/lexikon\/termek\/adleff-samuel\/","title":{"rendered":"ADLEFF S\u00e1muel"},"content":{"rendered":"<p>? \u2020 ? : luther\u00e1nus lelk\u00e9sz. \u2013 Magyarr\u00e9genben el\u0171zt\u00e9k a luther\u00e1nusokat (1773), ez\u00e9rt csak mag\u00e1nh\u00e1zban tudott m\u0171k\u00f6dni, majd Idecsre k\u00f6lt\u00f6z\u00f6tt. <br \/><strong>Irod.:<\/strong> L\u00e9sty\u00e1n \u2013 templomok 1.<\/br><\/p>\n","protected":false},"excerpt":{"rendered":"<p>? \u2020 ? : luther\u00e1nus lelk\u00e9sz. \u2013 Magyarr\u00e9genben el\u0171zt\u00e9k a luther\u00e1nusokat (1773), ez\u00e9rt csak mag\u00e1nh\u00e1zban tudott m\u0171k\u00f6dni, majd Idecsre k\u00f6lt\u00f6z\u00f6tt. Irod.: L\u00e9sty\u00e1n \u2013 templomok 1.<\/p>\n","protected":false},"featured_media":0,"comment_status":"open","ping_status":"closed","template":"","meta":[],"product_brand":[],"product_cat":[137],"product_tag":[],"class_list":{"0":"post-1592","1":"product","2":"type-product","3":"status-publish","5":"product_cat-maros-megyei-eletrajzi-lexikon","7":"first","8":"instock","9":"shipping-taxable","10":"product-type-simple"},"_links":{"self":[{"href":"https:\/\/uj.adatbank.ro\/lexikon\/wp-json\/wp\/v2\/product\/1592","targetHints":{"allow":["GET"]}}],"collection":[{"href":"https:\/\/uj.adatbank.ro\/lexikon\/wp-json\/wp\/v2\/product"}],"about":[{"href":"https:\/\/uj.adatbank.ro\/lexikon\/wp-json\/wp\/v2\/types\/product"}],"replies":[{"embeddable":true,"href":"https:\/\/uj.adatbank.ro\/lexikon\/wp-json\/wp\/v2\/comments?post=1592"}],"wp:attachment":[{"href":"https:\/\/uj.adatbank.ro\/lexikon\/wp-json\/wp\/v2\/media?parent=1592"}],"wp:term":[{"taxonomy":"product_brand","embeddable":true,"href":"https:\/\/uj.adatbank.ro\/lexikon\/wp-json\/wp\/v2\/product_brand?post=1592"},{"taxonomy":"product_cat","embeddable":true,"href":"https:\/\/uj.adatbank.ro\/lexikon\/wp-json\/wp\/v2\/product_cat?post=1592"},{"taxonomy":"product_tag","embeddable":true,"href":"https:\/\/uj.adatbank.ro\/lexikon\/wp-json\/wp\/v2\/product_tag?post=1592"}],"curies":[{"name":"wp","href":"https:\/\/api.w.org\/{rel}","templated":true}]}}