{"id":15920,"date":"2025-07-15T13:51:31","date_gmt":"2025-07-15T11:51:31","guid":{"rendered":"https:\/\/uj.adatbank.ro\/lexikon\/termek\/muresan-pancratia-mariana\/"},"modified":"2025-07-15T13:51:31","modified_gmt":"2025-07-15T11:51:31","slug":"muresan-pancratia-mariana","status":"publish","type":"product","link":"https:\/\/uj.adatbank.ro\/lexikon\/termek\/muresan-pancratia-mariana\/","title":{"rendered":"MURE\u015eAN, Pancra\u0163ia Mariana"},"content":{"rendered":"<p>D\u00e9dabisztra, 1920, j\u00fal. 25., \u2020\u00a0?: m\u00e9rn\u00f6k. \u2013 Mv.-en m\u00e9rn\u00fck. Tagja volt a Faliboga-f\u00e9le szervezked\u00e9s I. csoportj\u00e1nak. Letart\u00f3ztatt\u00e1k (1956. nov. 16).-<br \/><strong>Irod.:<\/strong> \u00c1ldozatok<\/br><\/p>\n","protected":false},"excerpt":{"rendered":"<p>D\u00e9dabisztra, 1920, j\u00fal. 25., \u2020\u00a0?: m\u00e9rn\u00f6k. \u2013 Mv.-en m\u00e9rn\u00fck. Tagja volt a Faliboga-f\u00e9le szervezked\u00e9s I. csoportj\u00e1nak. Letart\u00f3ztatt\u00e1k (1956. nov. 16).-Irod.: \u00c1ldozatok<\/p>\n","protected":false},"featured_media":0,"comment_status":"open","ping_status":"closed","template":"","meta":[],"product_brand":[],"product_cat":[137],"product_tag":[],"class_list":{"0":"post-15920","1":"product","2":"type-product","3":"status-publish","5":"product_cat-maros-megyei-eletrajzi-lexikon","7":"first","8":"instock","9":"shipping-taxable","10":"product-type-simple"},"_links":{"self":[{"href":"https:\/\/uj.adatbank.ro\/lexikon\/wp-json\/wp\/v2\/product\/15920","targetHints":{"allow":["GET"]}}],"collection":[{"href":"https:\/\/uj.adatbank.ro\/lexikon\/wp-json\/wp\/v2\/product"}],"about":[{"href":"https:\/\/uj.adatbank.ro\/lexikon\/wp-json\/wp\/v2\/types\/product"}],"replies":[{"embeddable":true,"href":"https:\/\/uj.adatbank.ro\/lexikon\/wp-json\/wp\/v2\/comments?post=15920"}],"wp:attachment":[{"href":"https:\/\/uj.adatbank.ro\/lexikon\/wp-json\/wp\/v2\/media?parent=15920"}],"wp:term":[{"taxonomy":"product_brand","embeddable":true,"href":"https:\/\/uj.adatbank.ro\/lexikon\/wp-json\/wp\/v2\/product_brand?post=15920"},{"taxonomy":"product_cat","embeddable":true,"href":"https:\/\/uj.adatbank.ro\/lexikon\/wp-json\/wp\/v2\/product_cat?post=15920"},{"taxonomy":"product_tag","embeddable":true,"href":"https:\/\/uj.adatbank.ro\/lexikon\/wp-json\/wp\/v2\/product_tag?post=15920"}],"curies":[{"name":"wp","href":"https:\/\/api.w.org\/{rel}","templated":true}]}}