{"id":15925,"date":"2025-07-15T13:51:42","date_gmt":"2025-07-15T11:51:42","guid":{"rendered":"https:\/\/uj.adatbank.ro\/lexikon\/termek\/muresanu-augustin\/"},"modified":"2025-07-15T13:51:42","modified_gmt":"2025-07-15T11:51:42","slug":"muresanu-augustin","status":"publish","type":"product","link":"https:\/\/uj.adatbank.ro\/lexikon\/termek\/muresanu-augustin\/","title":{"rendered":"MURE\u015eANU, Augustin"},"content":{"rendered":"<p>1908. j\u00fal. 12, \u2020 1985 : orvos. \u2013 A k\u00f6z\u00e9piskol\u00e1t Mv.-en, Bal\u00e1zsfalv\u00e1n az orvosi egyetemet kv.-on v\u00e9gezte (1933). A K\u00f3ranatomia Katedr\u00e1n kezdte p\u00e1lyafut\u00e1s\u00e1t (\u20131929), ezut\u00e1n Buk.-ben folytatta majd \u00fajb\u00f3l Kv.-on (1960\u2013), professzor (\u20131973). Syaktanulm\u0163nzai megjelentek hayai \u015fs k0lf0ldi folz\u2019iratokban. \u2013 <strong>F. m.:<\/strong> <strong>t\u00e1rssz.:<\/strong> Tehnica histopatologic\u0103 (Buc., 1953); Morfopatologia aparatului cardiovascular (Buc., 1959); Anatomia patologic\u0103 : manual pentru \u00eenv\u0103\u0163\u0103m\u00e2ntului medical superior (Buc, 1962); Manual de anatomie patologic\u0103 (Buc., 1963). <br \/><strong>Irod.:<\/strong> Clujeni ai sec. 20.<\/br><\/p>\n","protected":false},"excerpt":{"rendered":"<p>1908. j\u00fal. 12, \u2020 1985 : orvos. \u2013 A k\u00f6z\u00e9piskol\u00e1t Mv.-en, Bal\u00e1zsfalv\u00e1n az orvosi egyetemet kv.-on v\u00e9gezte (1933). A K\u00f3ranatomia Katedr\u00e1n kezdte p\u00e1lyafut\u00e1s\u00e1t (\u20131929), ezut\u00e1n Buk.-ben folytatta majd \u00fajb\u00f3l Kv.-on (1960\u2013), professzor (\u20131973). Syaktanulm\u0163nzai megjelentek hayai \u015fs k0lf0ldi folz\u2019iratokban. \u2013 F. m.: t\u00e1rssz.: Tehnica histopatologic\u0103 (Buc., 1953); Morfopatologia aparatului cardiovascular (Buc., 1959); Anatomia patologic\u0103 : [&hellip;]<\/p>\n","protected":false},"featured_media":0,"comment_status":"open","ping_status":"closed","template":"","meta":[],"product_brand":[],"product_cat":[137],"product_tag":[],"class_list":{"0":"post-15925","1":"product","2":"type-product","3":"status-publish","5":"product_cat-maros-megyei-eletrajzi-lexikon","7":"first","8":"instock","9":"shipping-taxable","10":"product-type-simple"},"_links":{"self":[{"href":"https:\/\/uj.adatbank.ro\/lexikon\/wp-json\/wp\/v2\/product\/15925","targetHints":{"allow":["GET"]}}],"collection":[{"href":"https:\/\/uj.adatbank.ro\/lexikon\/wp-json\/wp\/v2\/product"}],"about":[{"href":"https:\/\/uj.adatbank.ro\/lexikon\/wp-json\/wp\/v2\/types\/product"}],"replies":[{"embeddable":true,"href":"https:\/\/uj.adatbank.ro\/lexikon\/wp-json\/wp\/v2\/comments?post=15925"}],"wp:attachment":[{"href":"https:\/\/uj.adatbank.ro\/lexikon\/wp-json\/wp\/v2\/media?parent=15925"}],"wp:term":[{"taxonomy":"product_brand","embeddable":true,"href":"https:\/\/uj.adatbank.ro\/lexikon\/wp-json\/wp\/v2\/product_brand?post=15925"},{"taxonomy":"product_cat","embeddable":true,"href":"https:\/\/uj.adatbank.ro\/lexikon\/wp-json\/wp\/v2\/product_cat?post=15925"},{"taxonomy":"product_tag","embeddable":true,"href":"https:\/\/uj.adatbank.ro\/lexikon\/wp-json\/wp\/v2\/product_tag?post=15925"}],"curies":[{"name":"wp","href":"https:\/\/api.w.org\/{rel}","templated":true}]}}