{"id":15929,"date":"2025-07-15T13:51:51","date_gmt":"2025-07-15T11:51:51","guid":{"rendered":"https:\/\/uj.adatbank.ro\/lexikon\/termek\/murvai-samu\/"},"modified":"2025-07-15T13:51:51","modified_gmt":"2025-07-15T11:51:51","slug":"murvai-samu","status":"publish","type":"product","link":"https:\/\/uj.adatbank.ro\/lexikon\/termek\/murvai-samu\/","title":{"rendered":"MURVAI Samu"},"content":{"rendered":"<p>? \u2020\u00a0?: segesv\u00e1ron t\u00f6rv\u00e9nysz\u00e9ki b\u00edr\u00f3. \u2013 A II. vh. ut\u00e1n a MNSZ keret\u00e9ben \u00faj lend\u00fcletet kapott a magyar sz\u00ednj\u00e1tsz\u00e1s amelyben rendez\u0151i szerepet v\u00e1llalt.\u2013Irod.: RMIL Segesv\u00e1r<\/br><\/p>\n","protected":false},"excerpt":{"rendered":"<p>? \u2020\u00a0?: segesv\u00e1ron t\u00f6rv\u00e9nysz\u00e9ki b\u00edr\u00f3. \u2013 A II. vh. ut\u00e1n a MNSZ keret\u00e9ben \u00faj lend\u00fcletet kapott a magyar sz\u00ednj\u00e1tsz\u00e1s amelyben rendez\u0151i szerepet v\u00e1llalt.\u2013Irod.: RMIL Segesv\u00e1r<\/p>\n","protected":false},"featured_media":0,"comment_status":"open","ping_status":"closed","template":"","meta":[],"product_brand":[],"product_cat":[137],"product_tag":[],"class_list":{"0":"post-15929","1":"product","2":"type-product","3":"status-publish","5":"product_cat-maros-megyei-eletrajzi-lexikon","7":"first","8":"instock","9":"shipping-taxable","10":"product-type-simple"},"_links":{"self":[{"href":"https:\/\/uj.adatbank.ro\/lexikon\/wp-json\/wp\/v2\/product\/15929","targetHints":{"allow":["GET"]}}],"collection":[{"href":"https:\/\/uj.adatbank.ro\/lexikon\/wp-json\/wp\/v2\/product"}],"about":[{"href":"https:\/\/uj.adatbank.ro\/lexikon\/wp-json\/wp\/v2\/types\/product"}],"replies":[{"embeddable":true,"href":"https:\/\/uj.adatbank.ro\/lexikon\/wp-json\/wp\/v2\/comments?post=15929"}],"wp:attachment":[{"href":"https:\/\/uj.adatbank.ro\/lexikon\/wp-json\/wp\/v2\/media?parent=15929"}],"wp:term":[{"taxonomy":"product_brand","embeddable":true,"href":"https:\/\/uj.adatbank.ro\/lexikon\/wp-json\/wp\/v2\/product_brand?post=15929"},{"taxonomy":"product_cat","embeddable":true,"href":"https:\/\/uj.adatbank.ro\/lexikon\/wp-json\/wp\/v2\/product_cat?post=15929"},{"taxonomy":"product_tag","embeddable":true,"href":"https:\/\/uj.adatbank.ro\/lexikon\/wp-json\/wp\/v2\/product_tag?post=15929"}],"curies":[{"name":"wp","href":"https:\/\/api.w.org\/{rel}","templated":true}]}}