{"id":1593,"date":"2025-06-28T11:46:56","date_gmt":"2025-06-28T09:46:56","guid":{"rendered":"https:\/\/uj.adatbank.ro\/lexikon\/termek\/adler-jozsef\/"},"modified":"2025-06-28T11:46:56","modified_gmt":"2025-06-28T09:46:56","slug":"adler-jozsef","status":"publish","type":"product","link":"https:\/\/uj.adatbank.ro\/lexikon\/termek\/adler-jozsef\/","title":{"rendered":"ADLER J\u00f3zsef"},"content":{"rendered":"<p>? \u2020 ? : t\u00e1mogat\u00f3. \u2013 Sz\u00e1szr\u00e9genben a Turul labdar\u00fag\u00f3csapat f\u0151 t\u00e1mogat\u00f3ja (1941\u201342). Ezt a csapatot tekintik a r\u00e9geni futball \u00fatt\u00f6r\u0151j\u00e9nek, amely sok m\u00e1s megyei csapattal m\u00e9rte \u00f6ssze erej\u00e9t. Edz\u0151je, de j\u00e1t\u00e9kosa is abban az id\u0151ben Patay Gyula volt. <br \/><strong>Irod.:<\/strong> Reghin \u2013 Av\u00e2ntul<\/br><\/p>\n","protected":false},"excerpt":{"rendered":"<p>? \u2020 ? : t\u00e1mogat\u00f3. \u2013 Sz\u00e1szr\u00e9genben a Turul labdar\u00fag\u00f3csapat f\u0151 t\u00e1mogat\u00f3ja (1941\u201342). Ezt a csapatot tekintik a r\u00e9geni futball \u00fatt\u00f6r\u0151j\u00e9nek, amely sok m\u00e1s megyei csapattal m\u00e9rte \u00f6ssze erej\u00e9t. Edz\u0151je, de j\u00e1t\u00e9kosa is abban az id\u0151ben Patay Gyula volt. Irod.: Reghin \u2013 Av\u00e2ntul<\/p>\n","protected":false},"featured_media":0,"comment_status":"open","ping_status":"closed","template":"","meta":[],"product_brand":[],"product_cat":[137],"product_tag":[],"class_list":{"0":"post-1593","1":"product","2":"type-product","3":"status-publish","5":"product_cat-maros-megyei-eletrajzi-lexikon","7":"first","8":"instock","9":"shipping-taxable","10":"product-type-simple"},"_links":{"self":[{"href":"https:\/\/uj.adatbank.ro\/lexikon\/wp-json\/wp\/v2\/product\/1593","targetHints":{"allow":["GET"]}}],"collection":[{"href":"https:\/\/uj.adatbank.ro\/lexikon\/wp-json\/wp\/v2\/product"}],"about":[{"href":"https:\/\/uj.adatbank.ro\/lexikon\/wp-json\/wp\/v2\/types\/product"}],"replies":[{"embeddable":true,"href":"https:\/\/uj.adatbank.ro\/lexikon\/wp-json\/wp\/v2\/comments?post=1593"}],"wp:attachment":[{"href":"https:\/\/uj.adatbank.ro\/lexikon\/wp-json\/wp\/v2\/media?parent=1593"}],"wp:term":[{"taxonomy":"product_brand","embeddable":true,"href":"https:\/\/uj.adatbank.ro\/lexikon\/wp-json\/wp\/v2\/product_brand?post=1593"},{"taxonomy":"product_cat","embeddable":true,"href":"https:\/\/uj.adatbank.ro\/lexikon\/wp-json\/wp\/v2\/product_cat?post=1593"},{"taxonomy":"product_tag","embeddable":true,"href":"https:\/\/uj.adatbank.ro\/lexikon\/wp-json\/wp\/v2\/product_tag?post=1593"}],"curies":[{"name":"wp","href":"https:\/\/api.w.org\/{rel}","templated":true}]}}