{"id":15932,"date":"2025-07-15T13:51:57","date_gmt":"2025-07-15T11:51:57","guid":{"rendered":"https:\/\/uj.adatbank.ro\/lexikon\/termek\/musca-gabriel-2\/"},"modified":"2025-07-15T13:51:57","modified_gmt":"2025-07-15T11:51:57","slug":"musca-gabriel-2","status":"publish","type":"product","link":"https:\/\/uj.adatbank.ro\/lexikon\/termek\/musca-gabriel-2\/","title":{"rendered":"MUSCA Gabriel"},"content":{"rendered":"<p>? 1931, \u2020\u00a0?: vegy\u00e9szm\u00e9rn\u00f6k.- A mv.-i R. K. Gimn\u00e1ziumban (1942\u201348), majd a Al.Papiu Ilarian Gimn\u00e1ziumban folytatta k\u00f6z\u00e9piskolai tanulm\u00e1nyait (1948\u201350), dr. Az Akad\u00e9mia Energetikai Int\u00e9zet\u00e9nek kutat\u00f3ja, majd a Petrok\u00e9miai Kombin\u00e1t alap\u00edt\u00f3 igazgat\u00f3ja, \u00e9s h\u00e1rom m\u00e1sik vegyipari kombin\u00e1t megszervez\u0151je volt. Tudom\u00e1nyos munk\u00e1i hazai \u00e9s k\u00fclf\u00f6ldi szakfoly\u00f3iratokban jelentek meg. Munkat\u00e1rsa volt a Rom\u00e1n Technikai Lexikonnak \u00e9s a K\u00e9miai Enciklop\u00e9di\u00e1nak.T\u00f6bb, mint 35 szabadalomnak volt t\u00e1rsszerz\u0151je. T\u00f6bb \u00e1llami kit\u00fcntat\u00e9st, s k\u00e9tszer a Rom\u00e1n Tudom\u00e1nyos Akad\u00e9mia d\u00edj\u00e1t kapta. <br \/><strong>Irod.:<\/strong> Mv.-i R.K.okt.; R.. K. Okt.\u20131<\/br><\/p>\n","protected":false},"excerpt":{"rendered":"<p>? 1931, \u2020\u00a0?: vegy\u00e9szm\u00e9rn\u00f6k.- A mv.-i R. K. Gimn\u00e1ziumban (1942\u201348), majd a Al.Papiu Ilarian Gimn\u00e1ziumban folytatta k\u00f6z\u00e9piskolai tanulm\u00e1nyait (1948\u201350), dr. Az Akad\u00e9mia Energetikai Int\u00e9zet\u00e9nek kutat\u00f3ja, majd a Petrok\u00e9miai Kombin\u00e1t alap\u00edt\u00f3 igazgat\u00f3ja, \u00e9s h\u00e1rom m\u00e1sik vegyipari kombin\u00e1t megszervez\u0151je volt. Tudom\u00e1nyos munk\u00e1i hazai \u00e9s k\u00fclf\u00f6ldi szakfoly\u00f3iratokban jelentek meg. Munkat\u00e1rsa volt a Rom\u00e1n Technikai Lexikonnak \u00e9s a K\u00e9miai [&hellip;]<\/p>\n","protected":false},"featured_media":0,"comment_status":"open","ping_status":"closed","template":"","meta":[],"product_brand":[],"product_cat":[137],"product_tag":[],"class_list":{"0":"post-15932","1":"product","2":"type-product","3":"status-publish","5":"product_cat-maros-megyei-eletrajzi-lexikon","7":"first","8":"instock","9":"shipping-taxable","10":"product-type-simple"},"_links":{"self":[{"href":"https:\/\/uj.adatbank.ro\/lexikon\/wp-json\/wp\/v2\/product\/15932","targetHints":{"allow":["GET"]}}],"collection":[{"href":"https:\/\/uj.adatbank.ro\/lexikon\/wp-json\/wp\/v2\/product"}],"about":[{"href":"https:\/\/uj.adatbank.ro\/lexikon\/wp-json\/wp\/v2\/types\/product"}],"replies":[{"embeddable":true,"href":"https:\/\/uj.adatbank.ro\/lexikon\/wp-json\/wp\/v2\/comments?post=15932"}],"wp:attachment":[{"href":"https:\/\/uj.adatbank.ro\/lexikon\/wp-json\/wp\/v2\/media?parent=15932"}],"wp:term":[{"taxonomy":"product_brand","embeddable":true,"href":"https:\/\/uj.adatbank.ro\/lexikon\/wp-json\/wp\/v2\/product_brand?post=15932"},{"taxonomy":"product_cat","embeddable":true,"href":"https:\/\/uj.adatbank.ro\/lexikon\/wp-json\/wp\/v2\/product_cat?post=15932"},{"taxonomy":"product_tag","embeddable":true,"href":"https:\/\/uj.adatbank.ro\/lexikon\/wp-json\/wp\/v2\/product_tag?post=15932"}],"curies":[{"name":"wp","href":"https:\/\/api.w.org\/{rel}","templated":true}]}}