{"id":15934,"date":"2025-07-15T13:51:59","date_gmt":"2025-07-15T11:51:59","guid":{"rendered":"https:\/\/uj.adatbank.ro\/lexikon\/termek\/musca-teodor\/"},"modified":"2025-07-15T13:51:59","modified_gmt":"2025-07-15T11:51:59","slug":"musca-teodor","status":"publish","type":"product","link":"https:\/\/uj.adatbank.ro\/lexikon\/termek\/musca-teodor\/","title":{"rendered":"MUSC\u0102, Teodor"},"content":{"rendered":"<p>? \u2020\u00a0?: tan\u00e1r. \u2013 Tan\u00edtott p\u00e1r \u00e9vet a Ref. Koll.-ban (1928\u201337) \u00e9s a Fels\u0151bb Kereskedelmi Isk.-ban (1936\u201337). Mivel gyenge t\u00fcdeje miatt magaslati leveg\u0151re volt sz\u00fcks\u00e9ge Szeben megy\u00e9be Nagydiszn\u00f3dra helyeztette mag\u00e1t. <br \/><strong>Irod.:<\/strong> \u00cenv. comercial econ.; Mv. t\u00f6rt. 2.; Sipos<\/br><\/p>\n","protected":false},"excerpt":{"rendered":"<p>? \u2020\u00a0?: tan\u00e1r. \u2013 Tan\u00edtott p\u00e1r \u00e9vet a Ref. Koll.-ban (1928\u201337) \u00e9s a Fels\u0151bb Kereskedelmi Isk.-ban (1936\u201337). Mivel gyenge t\u00fcdeje miatt magaslati leveg\u0151re volt sz\u00fcks\u00e9ge Szeben megy\u00e9be Nagydiszn\u00f3dra helyeztette mag\u00e1t. Irod.: \u00cenv. comercial econ.; Mv. t\u00f6rt. 2.; Sipos<\/p>\n","protected":false},"featured_media":0,"comment_status":"open","ping_status":"closed","template":"","meta":[],"product_brand":[],"product_cat":[137],"product_tag":[],"class_list":{"0":"post-15934","1":"product","2":"type-product","3":"status-publish","5":"product_cat-maros-megyei-eletrajzi-lexikon","7":"first","8":"instock","9":"shipping-taxable","10":"product-type-simple"},"_links":{"self":[{"href":"https:\/\/uj.adatbank.ro\/lexikon\/wp-json\/wp\/v2\/product\/15934","targetHints":{"allow":["GET"]}}],"collection":[{"href":"https:\/\/uj.adatbank.ro\/lexikon\/wp-json\/wp\/v2\/product"}],"about":[{"href":"https:\/\/uj.adatbank.ro\/lexikon\/wp-json\/wp\/v2\/types\/product"}],"replies":[{"embeddable":true,"href":"https:\/\/uj.adatbank.ro\/lexikon\/wp-json\/wp\/v2\/comments?post=15934"}],"wp:attachment":[{"href":"https:\/\/uj.adatbank.ro\/lexikon\/wp-json\/wp\/v2\/media?parent=15934"}],"wp:term":[{"taxonomy":"product_brand","embeddable":true,"href":"https:\/\/uj.adatbank.ro\/lexikon\/wp-json\/wp\/v2\/product_brand?post=15934"},{"taxonomy":"product_cat","embeddable":true,"href":"https:\/\/uj.adatbank.ro\/lexikon\/wp-json\/wp\/v2\/product_cat?post=15934"},{"taxonomy":"product_tag","embeddable":true,"href":"https:\/\/uj.adatbank.ro\/lexikon\/wp-json\/wp\/v2\/product_tag?post=15934"}],"curies":[{"name":"wp","href":"https:\/\/api.w.org\/{rel}","templated":true}]}}