{"id":15936,"date":"2025-07-15T13:52:02","date_gmt":"2025-07-15T11:52:02","guid":{"rendered":"https:\/\/uj.adatbank.ro\/lexikon\/termek\/musnai-david\/"},"modified":"2025-07-15T13:52:02","modified_gmt":"2025-07-15T11:52:02","slug":"musnai-david","status":"publish","type":"product","link":"https:\/\/uj.adatbank.ro\/lexikon\/termek\/musnai-david\/","title":{"rendered":"MUSNAI D\u00e1vid"},"content":{"rendered":"<p>? \u2020\u00a0? 1737.: ref. lelk\u00e9sz. \u2013 Mv.-en subscrib\u00e1lt (1711). Lelk\u00e9sz volt D\u00e1ny\u00e1nban (1720), K\u00fck\u00fcll\u0151sz\u00e9plakon (1722\u201323), Magyarherep\u00e9n (1724\u201328), Ebesfalv\u00e1n (1730) \u00e9s Boldogfalv\u00e1n hal\u00e1l\u00e1ig (1732\u201337). <br \/><strong>Irod.:<\/strong> K\u00fck\u00fcll\u0151i Ref. Egyh\u00e1zm.1., 2., 3.<\/br><\/p>\n","protected":false},"excerpt":{"rendered":"<p>? \u2020\u00a0? 1737.: ref. lelk\u00e9sz. \u2013 Mv.-en subscrib\u00e1lt (1711). Lelk\u00e9sz volt D\u00e1ny\u00e1nban (1720), K\u00fck\u00fcll\u0151sz\u00e9plakon (1722\u201323), Magyarherep\u00e9n (1724\u201328), Ebesfalv\u00e1n (1730) \u00e9s Boldogfalv\u00e1n hal\u00e1l\u00e1ig (1732\u201337). Irod.: K\u00fck\u00fcll\u0151i Ref. Egyh\u00e1zm.1., 2., 3.<\/p>\n","protected":false},"featured_media":0,"comment_status":"open","ping_status":"closed","template":"","meta":[],"product_brand":[],"product_cat":[137],"product_tag":[],"class_list":{"0":"post-15936","1":"product","2":"type-product","3":"status-publish","5":"product_cat-maros-megyei-eletrajzi-lexikon","7":"first","8":"instock","9":"shipping-taxable","10":"product-type-simple"},"_links":{"self":[{"href":"https:\/\/uj.adatbank.ro\/lexikon\/wp-json\/wp\/v2\/product\/15936","targetHints":{"allow":["GET"]}}],"collection":[{"href":"https:\/\/uj.adatbank.ro\/lexikon\/wp-json\/wp\/v2\/product"}],"about":[{"href":"https:\/\/uj.adatbank.ro\/lexikon\/wp-json\/wp\/v2\/types\/product"}],"replies":[{"embeddable":true,"href":"https:\/\/uj.adatbank.ro\/lexikon\/wp-json\/wp\/v2\/comments?post=15936"}],"wp:attachment":[{"href":"https:\/\/uj.adatbank.ro\/lexikon\/wp-json\/wp\/v2\/media?parent=15936"}],"wp:term":[{"taxonomy":"product_brand","embeddable":true,"href":"https:\/\/uj.adatbank.ro\/lexikon\/wp-json\/wp\/v2\/product_brand?post=15936"},{"taxonomy":"product_cat","embeddable":true,"href":"https:\/\/uj.adatbank.ro\/lexikon\/wp-json\/wp\/v2\/product_cat?post=15936"},{"taxonomy":"product_tag","embeddable":true,"href":"https:\/\/uj.adatbank.ro\/lexikon\/wp-json\/wp\/v2\/product_tag?post=15936"}],"curies":[{"name":"wp","href":"https:\/\/api.w.org\/{rel}","templated":true}]}}