{"id":15937,"date":"2025-07-15T13:52:04","date_gmt":"2025-07-15T11:52:04","guid":{"rendered":"https:\/\/uj.adatbank.ro\/lexikon\/termek\/musnai-ferenc\/"},"modified":"2025-07-15T13:52:04","modified_gmt":"2025-07-15T11:52:04","slug":"musnai-ferenc","status":"publish","type":"product","link":"https:\/\/uj.adatbank.ro\/lexikon\/termek\/musnai-ferenc\/","title":{"rendered":"MUSNAI Ferenc"},"content":{"rendered":"<p>? \u2020\u00a0?: di\u00e1k. \u2013 T\u00f3g\u00e1tus a Ref. Koll.-ban (1829). \u2013 <strong>F. m.:<\/strong> <strong>t\u00e1rssz.:<\/strong> Sz\u00edve ki\u00f6ml\u00e9se a\u2019 Maros V\u00e1s\u00e1rhelyi Ref. Koll\u00e9gyomb\u00e9li ifi\u00fas\u00e1g\u00e1nak egy kedves attya hal\u00e1l\u00e1n [Gr. Kem\u00e9ny Mikl\u00f3s].(Mv., 1829). <br \/><strong>Irod.:<\/strong> F\u00fcl\u00f6p\u2013Ferencz<\/br><\/p>\n","protected":false},"excerpt":{"rendered":"<p>? \u2020\u00a0?: di\u00e1k. \u2013 T\u00f3g\u00e1tus a Ref. Koll.-ban (1829). \u2013 F. m.: t\u00e1rssz.: Sz\u00edve ki\u00f6ml\u00e9se a\u2019 Maros V\u00e1s\u00e1rhelyi Ref. Koll\u00e9gyomb\u00e9li ifi\u00fas\u00e1g\u00e1nak egy kedves attya hal\u00e1l\u00e1n [Gr. Kem\u00e9ny Mikl\u00f3s].(Mv., 1829). Irod.: F\u00fcl\u00f6p\u2013Ferencz<\/p>\n","protected":false},"featured_media":0,"comment_status":"open","ping_status":"closed","template":"","meta":[],"product_brand":[],"product_cat":[137],"product_tag":[],"class_list":{"0":"post-15937","1":"product","2":"type-product","3":"status-publish","5":"product_cat-maros-megyei-eletrajzi-lexikon","7":"first","8":"instock","9":"shipping-taxable","10":"product-type-simple"},"_links":{"self":[{"href":"https:\/\/uj.adatbank.ro\/lexikon\/wp-json\/wp\/v2\/product\/15937","targetHints":{"allow":["GET"]}}],"collection":[{"href":"https:\/\/uj.adatbank.ro\/lexikon\/wp-json\/wp\/v2\/product"}],"about":[{"href":"https:\/\/uj.adatbank.ro\/lexikon\/wp-json\/wp\/v2\/types\/product"}],"replies":[{"embeddable":true,"href":"https:\/\/uj.adatbank.ro\/lexikon\/wp-json\/wp\/v2\/comments?post=15937"}],"wp:attachment":[{"href":"https:\/\/uj.adatbank.ro\/lexikon\/wp-json\/wp\/v2\/media?parent=15937"}],"wp:term":[{"taxonomy":"product_brand","embeddable":true,"href":"https:\/\/uj.adatbank.ro\/lexikon\/wp-json\/wp\/v2\/product_brand?post=15937"},{"taxonomy":"product_cat","embeddable":true,"href":"https:\/\/uj.adatbank.ro\/lexikon\/wp-json\/wp\/v2\/product_cat?post=15937"},{"taxonomy":"product_tag","embeddable":true,"href":"https:\/\/uj.adatbank.ro\/lexikon\/wp-json\/wp\/v2\/product_tag?post=15937"}],"curies":[{"name":"wp","href":"https:\/\/api.w.org\/{rel}","templated":true}]}}