{"id":15939,"date":"2025-07-15T13:52:11","date_gmt":"2025-07-15T11:52:11","guid":{"rendered":"https:\/\/uj.adatbank.ro\/lexikon\/termek\/musnai-jozsef\/"},"modified":"2025-07-15T13:52:11","modified_gmt":"2025-07-15T11:52:11","slug":"musnai-jozsef","status":"publish","type":"product","link":"https:\/\/uj.adatbank.ro\/lexikon\/termek\/musnai-jozsef\/","title":{"rendered":"MUSNAI J\u00f3zsef"},"content":{"rendered":"<p>? \u2020\u00a0?: ref. lelk\u00e9sz. \u2013 Mv.-en a Ref. Koll.-ban subscrib\u00e1lt (1719), majd a koll. tan\u00e1ra volt. K\u00fclf\u00f6ldi egyetemen folytatta tanulm\u00e1nyait. Hazat\u00e9r\u00e9se ut\u00e1n lelk\u00e9sz Erd\u0151szentgy\u00f6rgy\u00f6n. Esperes (1829\u201348). Sz\u00e9kelyvaj\u00e1ban (1732\u201335), Mez\u0151panitban (1835\u201336), Mez\u0151madarason (1745\u201353), Csejden (1758-\u00a0?), Ny\u00e1r\u00e1dkar\u00e1csonyfalv\u00e1n (1766) volt lelk\u00e9sz. <br \/><strong>Irod.:<\/strong> Csejd-T\u00f3falva; Imreh Barna; Mez\u0151panit<\/br><\/p>\n","protected":false},"excerpt":{"rendered":"<p>? \u2020\u00a0?: ref. lelk\u00e9sz. \u2013 Mv.-en a Ref. Koll.-ban subscrib\u00e1lt (1719), majd a koll. tan\u00e1ra volt. K\u00fclf\u00f6ldi egyetemen folytatta tanulm\u00e1nyait. Hazat\u00e9r\u00e9se ut\u00e1n lelk\u00e9sz Erd\u0151szentgy\u00f6rgy\u00f6n. Esperes (1829\u201348). Sz\u00e9kelyvaj\u00e1ban (1732\u201335), Mez\u0151panitban (1835\u201336), Mez\u0151madarason (1745\u201353), Csejden (1758-\u00a0?), Ny\u00e1r\u00e1dkar\u00e1csonyfalv\u00e1n (1766) volt lelk\u00e9sz. Irod.: Csejd-T\u00f3falva; Imreh Barna; Mez\u0151panit<\/p>\n","protected":false},"featured_media":0,"comment_status":"open","ping_status":"closed","template":"","meta":[],"product_brand":[],"product_cat":[137],"product_tag":[],"class_list":{"0":"post-15939","1":"product","2":"type-product","3":"status-publish","5":"product_cat-maros-megyei-eletrajzi-lexikon","7":"first","8":"instock","9":"shipping-taxable","10":"product-type-simple"},"_links":{"self":[{"href":"https:\/\/uj.adatbank.ro\/lexikon\/wp-json\/wp\/v2\/product\/15939","targetHints":{"allow":["GET"]}}],"collection":[{"href":"https:\/\/uj.adatbank.ro\/lexikon\/wp-json\/wp\/v2\/product"}],"about":[{"href":"https:\/\/uj.adatbank.ro\/lexikon\/wp-json\/wp\/v2\/types\/product"}],"replies":[{"embeddable":true,"href":"https:\/\/uj.adatbank.ro\/lexikon\/wp-json\/wp\/v2\/comments?post=15939"}],"wp:attachment":[{"href":"https:\/\/uj.adatbank.ro\/lexikon\/wp-json\/wp\/v2\/media?parent=15939"}],"wp:term":[{"taxonomy":"product_brand","embeddable":true,"href":"https:\/\/uj.adatbank.ro\/lexikon\/wp-json\/wp\/v2\/product_brand?post=15939"},{"taxonomy":"product_cat","embeddable":true,"href":"https:\/\/uj.adatbank.ro\/lexikon\/wp-json\/wp\/v2\/product_cat?post=15939"},{"taxonomy":"product_tag","embeddable":true,"href":"https:\/\/uj.adatbank.ro\/lexikon\/wp-json\/wp\/v2\/product_tag?post=15939"}],"curies":[{"name":"wp","href":"https:\/\/api.w.org\/{rel}","templated":true}]}}