{"id":15941,"date":"2025-07-15T13:52:15","date_gmt":"2025-07-15T11:52:15","guid":{"rendered":"https:\/\/uj.adatbank.ro\/lexikon\/termek\/musnai-mihaly\/"},"modified":"2025-07-15T13:52:15","modified_gmt":"2025-07-15T11:52:15","slug":"musnai-mihaly","status":"publish","type":"product","link":"https:\/\/uj.adatbank.ro\/lexikon\/termek\/musnai-mihaly\/","title":{"rendered":"MUSNAI Mih\u00e1ly"},"content":{"rendered":"<p>? \u2020 ?.: ref. lelk\u00e9sz. \u2013 A mv.-i Ref. Koll.-ban tanult (1726) \u00e9s tan\u00edtott. Jedden, Csejden szolg\u00e1lt (1743\u201346), majd Nagyerny\u00e9ben (1747\u20131748), L\u00e9vita Szenth\u00e1roms\u00e1gon (1788\u20131789). <br \/><strong>Irod.:<\/strong> Csejd \u2013T\u00f3falva; Imreh Barna<\/br><\/p>\n","protected":false},"excerpt":{"rendered":"<p>? \u2020 ?.: ref. lelk\u00e9sz. \u2013 A mv.-i Ref. Koll.-ban tanult (1726) \u00e9s tan\u00edtott. Jedden, Csejden szolg\u00e1lt (1743\u201346), majd Nagyerny\u00e9ben (1747\u20131748), L\u00e9vita Szenth\u00e1roms\u00e1gon (1788\u20131789). Irod.: Csejd \u2013T\u00f3falva; Imreh Barna<\/p>\n","protected":false},"featured_media":0,"comment_status":"open","ping_status":"closed","template":"","meta":[],"product_brand":[],"product_cat":[137],"product_tag":[],"class_list":{"0":"post-15941","1":"product","2":"type-product","3":"status-publish","5":"product_cat-maros-megyei-eletrajzi-lexikon","7":"first","8":"instock","9":"shipping-taxable","10":"product-type-simple"},"_links":{"self":[{"href":"https:\/\/uj.adatbank.ro\/lexikon\/wp-json\/wp\/v2\/product\/15941","targetHints":{"allow":["GET"]}}],"collection":[{"href":"https:\/\/uj.adatbank.ro\/lexikon\/wp-json\/wp\/v2\/product"}],"about":[{"href":"https:\/\/uj.adatbank.ro\/lexikon\/wp-json\/wp\/v2\/types\/product"}],"replies":[{"embeddable":true,"href":"https:\/\/uj.adatbank.ro\/lexikon\/wp-json\/wp\/v2\/comments?post=15941"}],"wp:attachment":[{"href":"https:\/\/uj.adatbank.ro\/lexikon\/wp-json\/wp\/v2\/media?parent=15941"}],"wp:term":[{"taxonomy":"product_brand","embeddable":true,"href":"https:\/\/uj.adatbank.ro\/lexikon\/wp-json\/wp\/v2\/product_brand?post=15941"},{"taxonomy":"product_cat","embeddable":true,"href":"https:\/\/uj.adatbank.ro\/lexikon\/wp-json\/wp\/v2\/product_cat?post=15941"},{"taxonomy":"product_tag","embeddable":true,"href":"https:\/\/uj.adatbank.ro\/lexikon\/wp-json\/wp\/v2\/product_tag?post=15941"}],"curies":[{"name":"wp","href":"https:\/\/api.w.org\/{rel}","templated":true}]}}