{"id":15946,"date":"2025-07-15T13:52:26","date_gmt":"2025-07-15T11:52:26","guid":{"rendered":"https:\/\/uj.adatbank.ro\/lexikon\/termek\/musulin-forika-margit\/"},"modified":"2025-07-15T13:52:26","modified_gmt":"2025-07-15T11:52:26","slug":"musulin-forika-margit","status":"publish","type":"product","link":"https:\/\/uj.adatbank.ro\/lexikon\/termek\/musulin-forika-margit\/","title":{"rendered":"MUSULIN F\u00d3RIKA Margit"},"content":{"rendered":"<p>B\u00e9lbor, 1934.jan.20. \u2020 ? : orvos. \u2013 A Gyergy\u00f3szentmikl\u00f3si Salamon Ern\u0151 k\u00f6z\u00e9piskol\u00e1ba \u00e9retts\u00e9gizett. A MOGYE orvoskar\u00e1n v\u00e9gzett.Els\u0151 munkahelye Bereck. K\u00e9s\u0151bb a MOGYE anat\u00f3mia, gy\u00f3gyszertan tansz\u00e9k\u00e9n funkcion\u00e1lis laborat\u00f3riumi szakorvos. Elnyerte az orvostudom\u00e1nyok doktora c\u00edmet is. <br \/><strong>Irod.:<\/strong> MOGYE<\/br><\/p>\n","protected":false},"excerpt":{"rendered":"<p>B\u00e9lbor, 1934.jan.20. \u2020 ? : orvos. \u2013 A Gyergy\u00f3szentmikl\u00f3si Salamon Ern\u0151 k\u00f6z\u00e9piskol\u00e1ba \u00e9retts\u00e9gizett. A MOGYE orvoskar\u00e1n v\u00e9gzett.Els\u0151 munkahelye Bereck. K\u00e9s\u0151bb a MOGYE anat\u00f3mia, gy\u00f3gyszertan tansz\u00e9k\u00e9n funkcion\u00e1lis laborat\u00f3riumi szakorvos. Elnyerte az orvostudom\u00e1nyok doktora c\u00edmet is. Irod.: MOGYE<\/p>\n","protected":false},"featured_media":0,"comment_status":"open","ping_status":"closed","template":"","meta":[],"product_brand":[],"product_cat":[137],"product_tag":[],"class_list":{"0":"post-15946","1":"product","2":"type-product","3":"status-publish","5":"product_cat-maros-megyei-eletrajzi-lexikon","7":"first","8":"instock","9":"shipping-taxable","10":"product-type-simple"},"_links":{"self":[{"href":"https:\/\/uj.adatbank.ro\/lexikon\/wp-json\/wp\/v2\/product\/15946","targetHints":{"allow":["GET"]}}],"collection":[{"href":"https:\/\/uj.adatbank.ro\/lexikon\/wp-json\/wp\/v2\/product"}],"about":[{"href":"https:\/\/uj.adatbank.ro\/lexikon\/wp-json\/wp\/v2\/types\/product"}],"replies":[{"embeddable":true,"href":"https:\/\/uj.adatbank.ro\/lexikon\/wp-json\/wp\/v2\/comments?post=15946"}],"wp:attachment":[{"href":"https:\/\/uj.adatbank.ro\/lexikon\/wp-json\/wp\/v2\/media?parent=15946"}],"wp:term":[{"taxonomy":"product_brand","embeddable":true,"href":"https:\/\/uj.adatbank.ro\/lexikon\/wp-json\/wp\/v2\/product_brand?post=15946"},{"taxonomy":"product_cat","embeddable":true,"href":"https:\/\/uj.adatbank.ro\/lexikon\/wp-json\/wp\/v2\/product_cat?post=15946"},{"taxonomy":"product_tag","embeddable":true,"href":"https:\/\/uj.adatbank.ro\/lexikon\/wp-json\/wp\/v2\/product_tag?post=15946"}],"curies":[{"name":"wp","href":"https:\/\/api.w.org\/{rel}","templated":true}]}}