{"id":15949,"date":"2025-07-15T13:52:33","date_gmt":"2025-07-15T11:52:33","guid":{"rendered":"https:\/\/uj.adatbank.ro\/lexikon\/termek\/muszka-jeno-kuka\/"},"modified":"2025-07-15T13:52:33","modified_gmt":"2025-07-15T11:52:33","slug":"muszka-jeno-kuka","status":"publish","type":"product","link":"https:\/\/uj.adatbank.ro\/lexikon\/termek\/muszka-jeno-kuka\/","title":{"rendered":"MUSZKA Jen\u0151, Kuka"},"content":{"rendered":"<p>? \u2020 Mv., 1994. m\u00e1rc. 22.\u00a0?: n\u00e9pzen\u00e9sz. \u2013 [Nekrol\u00f3g] (N\u00fa., 1994. m\u00e1rc. 23.)<\/br><\/p>\n","protected":false},"excerpt":{"rendered":"<p>? \u2020 Mv., 1994. m\u00e1rc. 22.\u00a0?: n\u00e9pzen\u00e9sz. \u2013 [Nekrol\u00f3g] (N\u00fa., 1994. m\u00e1rc. 23.)<\/p>\n","protected":false},"featured_media":0,"comment_status":"open","ping_status":"closed","template":"","meta":[],"product_brand":[],"product_cat":[137],"product_tag":[],"class_list":{"0":"post-15949","1":"product","2":"type-product","3":"status-publish","5":"product_cat-maros-megyei-eletrajzi-lexikon","7":"first","8":"instock","9":"shipping-taxable","10":"product-type-simple"},"_links":{"self":[{"href":"https:\/\/uj.adatbank.ro\/lexikon\/wp-json\/wp\/v2\/product\/15949","targetHints":{"allow":["GET"]}}],"collection":[{"href":"https:\/\/uj.adatbank.ro\/lexikon\/wp-json\/wp\/v2\/product"}],"about":[{"href":"https:\/\/uj.adatbank.ro\/lexikon\/wp-json\/wp\/v2\/types\/product"}],"replies":[{"embeddable":true,"href":"https:\/\/uj.adatbank.ro\/lexikon\/wp-json\/wp\/v2\/comments?post=15949"}],"wp:attachment":[{"href":"https:\/\/uj.adatbank.ro\/lexikon\/wp-json\/wp\/v2\/media?parent=15949"}],"wp:term":[{"taxonomy":"product_brand","embeddable":true,"href":"https:\/\/uj.adatbank.ro\/lexikon\/wp-json\/wp\/v2\/product_brand?post=15949"},{"taxonomy":"product_cat","embeddable":true,"href":"https:\/\/uj.adatbank.ro\/lexikon\/wp-json\/wp\/v2\/product_cat?post=15949"},{"taxonomy":"product_tag","embeddable":true,"href":"https:\/\/uj.adatbank.ro\/lexikon\/wp-json\/wp\/v2\/product_tag?post=15949"}],"curies":[{"name":"wp","href":"https:\/\/api.w.org\/{rel}","templated":true}]}}