{"id":15954,"date":"2025-07-15T13:52:42","date_gmt":"2025-07-15T11:52:42","guid":{"rendered":"https:\/\/uj.adatbank.ro\/lexikon\/termek\/muzsnai-albert\/"},"modified":"2025-07-15T13:52:42","modified_gmt":"2025-07-15T11:52:42","slug":"muzsnai-albert","status":"publish","type":"product","link":"https:\/\/uj.adatbank.ro\/lexikon\/termek\/muzsnai-albert\/","title":{"rendered":"MUZSNAI Albert"},"content":{"rendered":"<p>? \u2020 Hagym\u00e1sbodon (Maros), 1960.: tan\u00edt\u00f3. \u2013 Makfalv\u00e1n tan\u00edt\u00f3 (1927\u201347). Nemcsak hivatalos tan\u00edt\u00e1si \u00f3r\u00e1kon tan\u00edtott, nem volt csal\u00e1dja, \u00edgy minden idej\u00e9t az isk.-nak \u00e9s a m\u0171vel\u0151d\u00e9si \u00e9letnek szentehette. Odaad\u00f3 munk\u00e1j\u00e1nak megvolt az eredm\u00e9nye is: amikor a tanul\u00f3k Erd\u0151szentgy\u00f6rgyre mentek abszolv\u00e1l\u00f3 vizsg\u00e1ra, mindig t\u00f6bbet tudtak rom\u00e1n nyelvb\u0151l, mint a rom\u00e1n isk.-ba j\u00e1r\u00f3 t\u00e1rsaik. K\u00e1ntor, jegyz\u0151 \u00e9s mindenes volt a faluban. Nyugd\u00edjaz\u00e1sa ut\u00e1n (1947) Hagym\u00e1sbodonba k\u00f6lt\u00f6z\u00f6tt tesv\u00e9r\u00e9hez \u00e9s ott is halt meg (1960). <br \/><strong>Irod.:<\/strong> Makfalvi okt. t\u00f6rt.; Ref. egyetemes n\u00e9vt\u00e1r<\/br><\/p>\n","protected":false},"excerpt":{"rendered":"<p>? \u2020 Hagym\u00e1sbodon (Maros), 1960.: tan\u00edt\u00f3. \u2013 Makfalv\u00e1n tan\u00edt\u00f3 (1927\u201347). Nemcsak hivatalos tan\u00edt\u00e1si \u00f3r\u00e1kon tan\u00edtott, nem volt csal\u00e1dja, \u00edgy minden idej\u00e9t az isk.-nak \u00e9s a m\u0171vel\u0151d\u00e9si \u00e9letnek szentehette. Odaad\u00f3 munk\u00e1j\u00e1nak megvolt az eredm\u00e9nye is: amikor a tanul\u00f3k Erd\u0151szentgy\u00f6rgyre mentek abszolv\u00e1l\u00f3 vizsg\u00e1ra, mindig t\u00f6bbet tudtak rom\u00e1n nyelvb\u0151l, mint a rom\u00e1n isk.-ba j\u00e1r\u00f3 t\u00e1rsaik. K\u00e1ntor, jegyz\u0151 \u00e9s [&hellip;]<\/p>\n","protected":false},"featured_media":0,"comment_status":"open","ping_status":"closed","template":"","meta":[],"product_brand":[],"product_cat":[137],"product_tag":[],"class_list":{"0":"post-15954","1":"product","2":"type-product","3":"status-publish","5":"product_cat-maros-megyei-eletrajzi-lexikon","7":"first","8":"instock","9":"shipping-taxable","10":"product-type-simple"},"_links":{"self":[{"href":"https:\/\/uj.adatbank.ro\/lexikon\/wp-json\/wp\/v2\/product\/15954","targetHints":{"allow":["GET"]}}],"collection":[{"href":"https:\/\/uj.adatbank.ro\/lexikon\/wp-json\/wp\/v2\/product"}],"about":[{"href":"https:\/\/uj.adatbank.ro\/lexikon\/wp-json\/wp\/v2\/types\/product"}],"replies":[{"embeddable":true,"href":"https:\/\/uj.adatbank.ro\/lexikon\/wp-json\/wp\/v2\/comments?post=15954"}],"wp:attachment":[{"href":"https:\/\/uj.adatbank.ro\/lexikon\/wp-json\/wp\/v2\/media?parent=15954"}],"wp:term":[{"taxonomy":"product_brand","embeddable":true,"href":"https:\/\/uj.adatbank.ro\/lexikon\/wp-json\/wp\/v2\/product_brand?post=15954"},{"taxonomy":"product_cat","embeddable":true,"href":"https:\/\/uj.adatbank.ro\/lexikon\/wp-json\/wp\/v2\/product_cat?post=15954"},{"taxonomy":"product_tag","embeddable":true,"href":"https:\/\/uj.adatbank.ro\/lexikon\/wp-json\/wp\/v2\/product_tag?post=15954"}],"curies":[{"name":"wp","href":"https:\/\/api.w.org\/{rel}","templated":true}]}}