{"id":15957,"date":"2025-07-15T13:52:46","date_gmt":"2025-07-15T11:52:46","guid":{"rendered":"https:\/\/uj.adatbank.ro\/lexikon\/termek\/muzsnai-jozsef\/"},"modified":"2025-07-15T13:52:46","modified_gmt":"2025-07-15T11:52:46","slug":"muzsnai-jozsef","status":"publish","type":"product","link":"https:\/\/uj.adatbank.ro\/lexikon\/termek\/muzsnai-jozsef\/","title":{"rendered":"MUZSNAI J\u00f3zsef"},"content":{"rendered":"<p>1859.? \u2020 Maroskereszt\u00far, 1921. \u00e1pr. 15.: ref. lelk\u00e9sz. \u2013 Gyermekei: M. Gizella P\u00e9ter S\u00e1ndorn\u00e9; M. Margit, M. J\u00f3zsef, M. L\u00e1szl\u00f3 \u00e9s Lajos. \u2013 Vajai ref. pap, marossz\u00e9ki esperes. <br \/><strong>Irod.:<\/strong> F\u00fcl\u00f6p\u2013Ferencz; Gy\u00e1szjelent\u0151; Magyar\u00f3si Sz\u0151ke J\u00f3zsef po\u00e9tai munk\u00e1i (Mv., 1830)<\/br><\/p>\n","protected":false},"excerpt":{"rendered":"<p>1859.? \u2020 Maroskereszt\u00far, 1921. \u00e1pr. 15.: ref. lelk\u00e9sz. \u2013 Gyermekei: M. Gizella P\u00e9ter S\u00e1ndorn\u00e9; M. Margit, M. J\u00f3zsef, M. L\u00e1szl\u00f3 \u00e9s Lajos. \u2013 Vajai ref. pap, marossz\u00e9ki esperes. Irod.: F\u00fcl\u00f6p\u2013Ferencz; Gy\u00e1szjelent\u0151; Magyar\u00f3si Sz\u0151ke J\u00f3zsef po\u00e9tai munk\u00e1i (Mv., 1830)<\/p>\n","protected":false},"featured_media":0,"comment_status":"open","ping_status":"closed","template":"","meta":[],"product_brand":[],"product_cat":[137],"product_tag":[],"class_list":{"0":"post-15957","1":"product","2":"type-product","3":"status-publish","5":"product_cat-maros-megyei-eletrajzi-lexikon","7":"first","8":"instock","9":"shipping-taxable","10":"product-type-simple"},"_links":{"self":[{"href":"https:\/\/uj.adatbank.ro\/lexikon\/wp-json\/wp\/v2\/product\/15957","targetHints":{"allow":["GET"]}}],"collection":[{"href":"https:\/\/uj.adatbank.ro\/lexikon\/wp-json\/wp\/v2\/product"}],"about":[{"href":"https:\/\/uj.adatbank.ro\/lexikon\/wp-json\/wp\/v2\/types\/product"}],"replies":[{"embeddable":true,"href":"https:\/\/uj.adatbank.ro\/lexikon\/wp-json\/wp\/v2\/comments?post=15957"}],"wp:attachment":[{"href":"https:\/\/uj.adatbank.ro\/lexikon\/wp-json\/wp\/v2\/media?parent=15957"}],"wp:term":[{"taxonomy":"product_brand","embeddable":true,"href":"https:\/\/uj.adatbank.ro\/lexikon\/wp-json\/wp\/v2\/product_brand?post=15957"},{"taxonomy":"product_cat","embeddable":true,"href":"https:\/\/uj.adatbank.ro\/lexikon\/wp-json\/wp\/v2\/product_cat?post=15957"},{"taxonomy":"product_tag","embeddable":true,"href":"https:\/\/uj.adatbank.ro\/lexikon\/wp-json\/wp\/v2\/product_tag?post=15957"}],"curies":[{"name":"wp","href":"https:\/\/api.w.org\/{rel}","templated":true}]}}