{"id":1596,"date":"2025-06-28T11:47:01","date_gmt":"2025-06-28T09:47:01","guid":{"rendered":"https:\/\/uj.adatbank.ro\/lexikon\/termek\/adler-viktor\/"},"modified":"2025-06-28T11:47:01","modified_gmt":"2025-06-28T09:47:01","slug":"adler-viktor","status":"publish","type":"product","link":"https:\/\/uj.adatbank.ro\/lexikon\/termek\/adler-viktor\/","title":{"rendered":"ADLER Viktor"},"content":{"rendered":"<p>? \u2020 ? : f\u00e9nyk\u00e9p\u00e9sz. \u2013 M\u0171terme volt Szov\u00e1taf\u00fcrd\u0151n (1910\u201320). <br \/><strong>Irod.:<\/strong> Mikl\u00f3si-Sikes<\/br><\/p>\n","protected":false},"excerpt":{"rendered":"<p>? \u2020 ? : f\u00e9nyk\u00e9p\u00e9sz. \u2013 M\u0171terme volt Szov\u00e1taf\u00fcrd\u0151n (1910\u201320). Irod.: Mikl\u00f3si-Sikes<\/p>\n","protected":false},"featured_media":0,"comment_status":"open","ping_status":"closed","template":"","meta":[],"product_brand":[],"product_cat":[137],"product_tag":[],"class_list":{"0":"post-1596","1":"product","2":"type-product","3":"status-publish","5":"product_cat-maros-megyei-eletrajzi-lexikon","7":"first","8":"instock","9":"shipping-taxable","10":"product-type-simple"},"_links":{"self":[{"href":"https:\/\/uj.adatbank.ro\/lexikon\/wp-json\/wp\/v2\/product\/1596","targetHints":{"allow":["GET"]}}],"collection":[{"href":"https:\/\/uj.adatbank.ro\/lexikon\/wp-json\/wp\/v2\/product"}],"about":[{"href":"https:\/\/uj.adatbank.ro\/lexikon\/wp-json\/wp\/v2\/types\/product"}],"replies":[{"embeddable":true,"href":"https:\/\/uj.adatbank.ro\/lexikon\/wp-json\/wp\/v2\/comments?post=1596"}],"wp:attachment":[{"href":"https:\/\/uj.adatbank.ro\/lexikon\/wp-json\/wp\/v2\/media?parent=1596"}],"wp:term":[{"taxonomy":"product_brand","embeddable":true,"href":"https:\/\/uj.adatbank.ro\/lexikon\/wp-json\/wp\/v2\/product_brand?post=1596"},{"taxonomy":"product_cat","embeddable":true,"href":"https:\/\/uj.adatbank.ro\/lexikon\/wp-json\/wp\/v2\/product_cat?post=1596"},{"taxonomy":"product_tag","embeddable":true,"href":"https:\/\/uj.adatbank.ro\/lexikon\/wp-json\/wp\/v2\/product_tag?post=1596"}],"curies":[{"name":"wp","href":"https:\/\/api.w.org\/{rel}","templated":true}]}}