{"id":15967,"date":"2025-07-15T13:53:05","date_gmt":"2025-07-15T11:53:05","guid":{"rendered":"https:\/\/uj.adatbank.ro\/lexikon\/termek\/muzsnai-pal-mezopaniti\/"},"modified":"2025-07-15T13:53:05","modified_gmt":"2025-07-15T11:53:05","slug":"muzsnai-pal-mezopaniti","status":"publish","type":"product","link":"https:\/\/uj.adatbank.ro\/lexikon\/termek\/muzsnai-pal-mezopaniti\/","title":{"rendered":"MUZSNAI P\u00e1l, mez\u0151paniti"},"content":{"rendered":"<p>1826, \u2020\u00a0Mv., 1900.: ref. lelk\u00e9sz, egyh\u00e1zmegyei jegyz\u0151. \u2013 Kib\u00e9den. Mez\u0151panitban lelk\u00e9sz (1875\u20131900), itt megkezdte a feljegyz\u00e9seket a paniti egyh\u00e1z aranyk\u00f6nyv\u00e9be. \u2013 <strong>F. m.:<\/strong> Halotti besz\u00e9dek\u00a0; Eml\u00e9kez\u00e9s az elnyomat\u00e1s idej\u00e9re 1850\u20131860. <br \/><strong>Irod.:<\/strong> Mez\u0151panit; P\u00e1lmay J\u00f3zsef\u00a0; Rugonfalvi Kiss<\/br><\/p>\n","protected":false},"excerpt":{"rendered":"<p>1826, \u2020\u00a0Mv., 1900.: ref. lelk\u00e9sz, egyh\u00e1zmegyei jegyz\u0151. \u2013 Kib\u00e9den. Mez\u0151panitban lelk\u00e9sz (1875\u20131900), itt megkezdte a feljegyz\u00e9seket a paniti egyh\u00e1z aranyk\u00f6nyv\u00e9be. \u2013 F. m.: Halotti besz\u00e9dek\u00a0; Eml\u00e9kez\u00e9s az elnyomat\u00e1s idej\u00e9re 1850\u20131860. Irod.: Mez\u0151panit; P\u00e1lmay J\u00f3zsef\u00a0; Rugonfalvi Kiss<\/p>\n","protected":false},"featured_media":0,"comment_status":"open","ping_status":"closed","template":"","meta":[],"product_brand":[],"product_cat":[137],"product_tag":[],"class_list":{"0":"post-15967","1":"product","2":"type-product","3":"status-publish","5":"product_cat-maros-megyei-eletrajzi-lexikon","7":"first","8":"instock","9":"shipping-taxable","10":"product-type-simple"},"_links":{"self":[{"href":"https:\/\/uj.adatbank.ro\/lexikon\/wp-json\/wp\/v2\/product\/15967","targetHints":{"allow":["GET"]}}],"collection":[{"href":"https:\/\/uj.adatbank.ro\/lexikon\/wp-json\/wp\/v2\/product"}],"about":[{"href":"https:\/\/uj.adatbank.ro\/lexikon\/wp-json\/wp\/v2\/types\/product"}],"replies":[{"embeddable":true,"href":"https:\/\/uj.adatbank.ro\/lexikon\/wp-json\/wp\/v2\/comments?post=15967"}],"wp:attachment":[{"href":"https:\/\/uj.adatbank.ro\/lexikon\/wp-json\/wp\/v2\/media?parent=15967"}],"wp:term":[{"taxonomy":"product_brand","embeddable":true,"href":"https:\/\/uj.adatbank.ro\/lexikon\/wp-json\/wp\/v2\/product_brand?post=15967"},{"taxonomy":"product_cat","embeddable":true,"href":"https:\/\/uj.adatbank.ro\/lexikon\/wp-json\/wp\/v2\/product_cat?post=15967"},{"taxonomy":"product_tag","embeddable":true,"href":"https:\/\/uj.adatbank.ro\/lexikon\/wp-json\/wp\/v2\/product_tag?post=15967"}],"curies":[{"name":"wp","href":"https:\/\/api.w.org\/{rel}","templated":true}]}}