{"id":15974,"date":"2025-07-15T16:00:55","date_gmt":"2025-07-15T14:00:55","guid":{"rendered":"https:\/\/uj.adatbank.ro\/lexikon\/termek\/nadasan-pavel\/"},"modified":"2025-07-15T16:00:55","modified_gmt":"2025-07-15T14:00:55","slug":"nadasan-pavel","status":"publish","type":"product","link":"https:\/\/uj.adatbank.ro\/lexikon\/termek\/nadasan-pavel\/","title":{"rendered":"N\u0102D\u0102\u015eAN, Pavel"},"content":{"rendered":"<p>? \u2020 ?: g. kat. pap. \u2013 Erd\u0151szengyelben szolg\u00e1lata idej\u00e9ben \u00e9p\u00fclt \u00fajj\u00e1 a r\u00e9gi (\u00e9p\u00fclt 1730), templom (fel\u00faj\u00edtott\u00e1k 1912). <br \/><strong>Irod.:<\/strong> \u015eincan 2006<\/br><\/p>\n","protected":false},"excerpt":{"rendered":"<p>? \u2020 ?: g. kat. pap. \u2013 Erd\u0151szengyelben szolg\u00e1lata idej\u00e9ben \u00e9p\u00fclt \u00fajj\u00e1 a r\u00e9gi (\u00e9p\u00fclt 1730), templom (fel\u00faj\u00edtott\u00e1k 1912). Irod.: \u015eincan 2006<\/p>\n","protected":false},"featured_media":0,"comment_status":"open","ping_status":"closed","template":"","meta":[],"product_brand":[],"product_cat":[137],"product_tag":[],"class_list":{"0":"post-15974","1":"product","2":"type-product","3":"status-publish","5":"product_cat-maros-megyei-eletrajzi-lexikon","7":"first","8":"instock","9":"shipping-taxable","10":"product-type-simple"},"_links":{"self":[{"href":"https:\/\/uj.adatbank.ro\/lexikon\/wp-json\/wp\/v2\/product\/15974","targetHints":{"allow":["GET"]}}],"collection":[{"href":"https:\/\/uj.adatbank.ro\/lexikon\/wp-json\/wp\/v2\/product"}],"about":[{"href":"https:\/\/uj.adatbank.ro\/lexikon\/wp-json\/wp\/v2\/types\/product"}],"replies":[{"embeddable":true,"href":"https:\/\/uj.adatbank.ro\/lexikon\/wp-json\/wp\/v2\/comments?post=15974"}],"wp:attachment":[{"href":"https:\/\/uj.adatbank.ro\/lexikon\/wp-json\/wp\/v2\/media?parent=15974"}],"wp:term":[{"taxonomy":"product_brand","embeddable":true,"href":"https:\/\/uj.adatbank.ro\/lexikon\/wp-json\/wp\/v2\/product_brand?post=15974"},{"taxonomy":"product_cat","embeddable":true,"href":"https:\/\/uj.adatbank.ro\/lexikon\/wp-json\/wp\/v2\/product_cat?post=15974"},{"taxonomy":"product_tag","embeddable":true,"href":"https:\/\/uj.adatbank.ro\/lexikon\/wp-json\/wp\/v2\/product_tag?post=15974"}],"curies":[{"name":"wp","href":"https:\/\/api.w.org\/{rel}","templated":true}]}}