{"id":15979,"date":"2025-07-15T16:01:03","date_gmt":"2025-07-15T14:01:03","guid":{"rendered":"https:\/\/uj.adatbank.ro\/lexikon\/termek\/naftali-zoltan\/"},"modified":"2025-07-15T16:01:03","modified_gmt":"2025-07-15T14:01:03","slug":"naftali-zoltan","status":"publish","type":"product","link":"https:\/\/uj.adatbank.ro\/lexikon\/termek\/naftali-zoltan\/","title":{"rendered":"NAFTALI Zolt\u00e1n"},"content":{"rendered":"<p>Maros\u00fajv\u00e1ron v. Bal\u00e1zsfalv\u00e1n , 1917. nov. 22., \u2020 Wilmette-Chicago, 1991. nov. 8.: orvos, seb\u00e9sz, egyetemi tan\u00e1r, dr. Az AE\u00c1-ban.csal\u00e1di l\u00e1togat\u00e1sa alatt sz\u00edvrohamban halt meg. \u2013 Bal\u00e1zsfalv\u00e1n \u00e9retts\u00e9gizett (1934), Kv.-on az I.Ferdin\u00e1nd Orvosi Egyetemen szereztt diplom\u00e1t (1940. szept. 3.). \u00c9vfolyamt\u00e1rsai: Ander Zolt\u00e1n, Kelemen Attila, Spielmann J\u00f3zsef.Az egyetemi amat\u0151r focicsapat alapembere, Hermann Jen\u0151vel egy\u00fctt. P\u00e1ly\u00e1j\u00e1t Kv.-on kezdte a Zsid\u00f3 K\u00f3rh\u00e1zban (1940\u201341); munkaszolg\u00e1latos Pecs\u00e9tszegen, majd a munkaszolg\u00e1latosok orvosa Berecken, G\u00f6demesterh\u00e1z\u00e1n (1941\u201344), megsz\u00f6k\u00f6tt (1944). Az els\u0151k k\u00f6z\u00f6tt \u00e1llt munk\u00e1ba Kv.-on (1944 v\u00e9g\u00e9n), a BTE ill. a MOGYI munkat\u00e1rsa az egyetemalap\u00edt\u00e1s pillanat\u00e1t\u00f3l. II. sz. Seb\u00e9szet Klinik\u00e1n dolgozott (1944\u2013); seb\u00e9sz, gyakornok, tan\u00e1rseg\u00e9d, adjunktus, el\u0151ad\u00f3tan\u00e1r nyugd\u00edjaz\u00e1s\u00e1ig (1969\u201383). Nyugd\u00edjask\u00e9nt konzult\u00e1ns egyetemi tan\u00e1r. Az orvostudom\u00e1nyok doktora. F\u0151bb kutat\u00e1si ter\u00fcletei a hasi szervek megbeteged\u00e9sei, a k\u00fcls\u0151 epeutak seb\u00e9szete, a thromboemboli\u00e1k. T\u00f6bb sz\u00e1z szakdolgozata, szakcikke az Orvosi Szemle-Revista Medical\u0103, Chirurgia, Medicin\u0103 Intern\u0103, Oncologie \u015fi Radiologie, Zentralblatt f\u00fcr Gynekologie c. foly\u00f3ratban jelent meg. \u2013 <strong>F. m.:<\/strong> Chirurgia pancresului, chirurgia splinei (Mv., 1956); Toracoplastica osteoplastica cu transplant paramediastinal de coast\u0103 \u00een tratamentul tuberculozei cavernoase (Mv., 1964); Seb\u00e9szeti patologia. 2 k\u00f6t. Kurzus egyetemi hallgat\u00f3k sz\u00e1m\u00e1ra. (Mv., 1981); <strong>t\u00e1rssz.:<\/strong> Seb\u00e9szeti jegyzet. (Mv., 1953); R\u00e9szletes seb\u00e9szet. (Mv., 1954); Chirurgie. 1\u20135. vol. Buc., 1955\u201359); Seb\u00e9szet. (Mv., 1956, 1960); Patologia sistemului cav inferior (Buc., 1973); Chirurgia ductului biliar comun (Mv. 1973). <br \/><strong>Irod.:<\/strong> Kiss Cs.M.3.; Nagy L; RMIL; RMKK; Sebesty\u00e9n Mih\u00e1ly: A Seb\u00e9sz hal\u00e1l\u00e1ra (N\u00fa., 1991. dec. 20.)<\/br><\/p>\n","protected":false},"excerpt":{"rendered":"<p>Maros\u00fajv\u00e1ron v. Bal\u00e1zsfalv\u00e1n , 1917. nov. 22., \u2020 Wilmette-Chicago, 1991. nov. 8.: orvos, seb\u00e9sz, egyetemi tan\u00e1r, dr. Az AE\u00c1-ban.csal\u00e1di l\u00e1togat\u00e1sa alatt sz\u00edvrohamban halt meg. \u2013 Bal\u00e1zsfalv\u00e1n \u00e9retts\u00e9gizett (1934), Kv.-on az I.Ferdin\u00e1nd Orvosi Egyetemen szereztt diplom\u00e1t (1940. szept. 3.). \u00c9vfolyamt\u00e1rsai: Ander Zolt\u00e1n, Kelemen Attila, Spielmann J\u00f3zsef.Az egyetemi amat\u0151r focicsapat alapembere, Hermann Jen\u0151vel egy\u00fctt. P\u00e1ly\u00e1j\u00e1t Kv.-on kezdte [&hellip;]<\/p>\n","protected":false},"featured_media":0,"comment_status":"open","ping_status":"closed","template":"","meta":[],"product_brand":[],"product_cat":[137],"product_tag":[],"class_list":{"0":"post-15979","1":"product","2":"type-product","3":"status-publish","5":"product_cat-maros-megyei-eletrajzi-lexikon","7":"first","8":"instock","9":"shipping-taxable","10":"product-type-simple"},"_links":{"self":[{"href":"https:\/\/uj.adatbank.ro\/lexikon\/wp-json\/wp\/v2\/product\/15979","targetHints":{"allow":["GET"]}}],"collection":[{"href":"https:\/\/uj.adatbank.ro\/lexikon\/wp-json\/wp\/v2\/product"}],"about":[{"href":"https:\/\/uj.adatbank.ro\/lexikon\/wp-json\/wp\/v2\/types\/product"}],"replies":[{"embeddable":true,"href":"https:\/\/uj.adatbank.ro\/lexikon\/wp-json\/wp\/v2\/comments?post=15979"}],"wp:attachment":[{"href":"https:\/\/uj.adatbank.ro\/lexikon\/wp-json\/wp\/v2\/media?parent=15979"}],"wp:term":[{"taxonomy":"product_brand","embeddable":true,"href":"https:\/\/uj.adatbank.ro\/lexikon\/wp-json\/wp\/v2\/product_brand?post=15979"},{"taxonomy":"product_cat","embeddable":true,"href":"https:\/\/uj.adatbank.ro\/lexikon\/wp-json\/wp\/v2\/product_cat?post=15979"},{"taxonomy":"product_tag","embeddable":true,"href":"https:\/\/uj.adatbank.ro\/lexikon\/wp-json\/wp\/v2\/product_tag?post=15979"}],"curies":[{"name":"wp","href":"https:\/\/api.w.org\/{rel}","templated":true}]}}