{"id":1598,"date":"2025-06-28T11:47:05","date_gmt":"2025-06-28T09:47:05","guid":{"rendered":"https:\/\/uj.adatbank.ro\/lexikon\/termek\/adorjan-2\/"},"modified":"2025-06-28T11:47:05","modified_gmt":"2025-06-28T09:47:05","slug":"adorjan-2","status":"publish","type":"product","link":"https:\/\/uj.adatbank.ro\/lexikon\/termek\/adorjan-2\/","title":{"rendered":"ADORJ\u00c1N"},"content":{"rendered":"<p>Cs\u00edkfalvi csal\u00e1d: A. Gy\u00f6rgynek 1838. \u00e9vben haszn\u00e1lt c. p. (Marostorda vm. lt. 1838. \u00e9vi homg.) alapj\u00e1n a c\u00edmer: Kerek pajzsban p\u00e1nc\u00e9los kar g\u00f6rbe karddal. <br \/><strong>Irod.:<\/strong> MCK<\/br><\/p>\n","protected":false},"excerpt":{"rendered":"<p>Cs\u00edkfalvi csal\u00e1d: A. Gy\u00f6rgynek 1838. \u00e9vben haszn\u00e1lt c. p. (Marostorda vm. lt. 1838. \u00e9vi homg.) alapj\u00e1n a c\u00edmer: Kerek pajzsban p\u00e1nc\u00e9los kar g\u00f6rbe karddal. Irod.: MCK<\/p>\n","protected":false},"featured_media":0,"comment_status":"open","ping_status":"closed","template":"","meta":[],"product_brand":[],"product_cat":[137],"product_tag":[],"class_list":{"0":"post-1598","1":"product","2":"type-product","3":"status-publish","5":"product_cat-maros-megyei-eletrajzi-lexikon","7":"first","8":"instock","9":"shipping-taxable","10":"product-type-simple"},"_links":{"self":[{"href":"https:\/\/uj.adatbank.ro\/lexikon\/wp-json\/wp\/v2\/product\/1598","targetHints":{"allow":["GET"]}}],"collection":[{"href":"https:\/\/uj.adatbank.ro\/lexikon\/wp-json\/wp\/v2\/product"}],"about":[{"href":"https:\/\/uj.adatbank.ro\/lexikon\/wp-json\/wp\/v2\/types\/product"}],"replies":[{"embeddable":true,"href":"https:\/\/uj.adatbank.ro\/lexikon\/wp-json\/wp\/v2\/comments?post=1598"}],"wp:attachment":[{"href":"https:\/\/uj.adatbank.ro\/lexikon\/wp-json\/wp\/v2\/media?parent=1598"}],"wp:term":[{"taxonomy":"product_brand","embeddable":true,"href":"https:\/\/uj.adatbank.ro\/lexikon\/wp-json\/wp\/v2\/product_brand?post=1598"},{"taxonomy":"product_cat","embeddable":true,"href":"https:\/\/uj.adatbank.ro\/lexikon\/wp-json\/wp\/v2\/product_cat?post=1598"},{"taxonomy":"product_tag","embeddable":true,"href":"https:\/\/uj.adatbank.ro\/lexikon\/wp-json\/wp\/v2\/product_tag?post=1598"}],"curies":[{"name":"wp","href":"https:\/\/api.w.org\/{rel}","templated":true}]}}