{"id":15985,"date":"2025-07-15T16:01:13","date_gmt":"2025-07-15T14:01:13","guid":{"rendered":"https:\/\/uj.adatbank.ro\/lexikon\/termek\/nagy-babahalmi-csalad\/"},"modified":"2025-07-15T16:01:13","modified_gmt":"2025-07-15T14:01:13","slug":"nagy-babahalmi-csalad","status":"publish","type":"product","link":"https:\/\/uj.adatbank.ro\/lexikon\/termek\/nagy-babahalmi-csalad\/","title":{"rendered":"NAGY, b\u00e1bahalmi csal\u00e1d"},"content":{"rendered":"<p>P\u00e9ter az 1794-ki erd\u00e9lyi orsz\u00e1ggy\u00fcl\u00e9sen Aranyos sz\u00e9k k\u00f6vete <br \/><strong>Irod.:<\/strong> Kempelen, Nagy Iv\u00e1n<\/br><\/p>\n","protected":false},"excerpt":{"rendered":"<p>P\u00e9ter az 1794-ki erd\u00e9lyi orsz\u00e1ggy\u00fcl\u00e9sen Aranyos sz\u00e9k k\u00f6vete Irod.: Kempelen, Nagy Iv\u00e1n<\/p>\n","protected":false},"featured_media":0,"comment_status":"open","ping_status":"closed","template":"","meta":[],"product_brand":[],"product_cat":[137],"product_tag":[],"class_list":{"0":"post-15985","1":"product","2":"type-product","3":"status-publish","5":"product_cat-maros-megyei-eletrajzi-lexikon","7":"first","8":"instock","9":"shipping-taxable","10":"product-type-simple"},"_links":{"self":[{"href":"https:\/\/uj.adatbank.ro\/lexikon\/wp-json\/wp\/v2\/product\/15985","targetHints":{"allow":["GET"]}}],"collection":[{"href":"https:\/\/uj.adatbank.ro\/lexikon\/wp-json\/wp\/v2\/product"}],"about":[{"href":"https:\/\/uj.adatbank.ro\/lexikon\/wp-json\/wp\/v2\/types\/product"}],"replies":[{"embeddable":true,"href":"https:\/\/uj.adatbank.ro\/lexikon\/wp-json\/wp\/v2\/comments?post=15985"}],"wp:attachment":[{"href":"https:\/\/uj.adatbank.ro\/lexikon\/wp-json\/wp\/v2\/media?parent=15985"}],"wp:term":[{"taxonomy":"product_brand","embeddable":true,"href":"https:\/\/uj.adatbank.ro\/lexikon\/wp-json\/wp\/v2\/product_brand?post=15985"},{"taxonomy":"product_cat","embeddable":true,"href":"https:\/\/uj.adatbank.ro\/lexikon\/wp-json\/wp\/v2\/product_cat?post=15985"},{"taxonomy":"product_tag","embeddable":true,"href":"https:\/\/uj.adatbank.ro\/lexikon\/wp-json\/wp\/v2\/product_tag?post=15985"}],"curies":[{"name":"wp","href":"https:\/\/api.w.org\/{rel}","templated":true}]}}