{"id":15986,"date":"2025-07-15T16:01:15","date_gmt":"2025-07-15T14:01:15","guid":{"rendered":"https:\/\/uj.adatbank.ro\/lexikon\/termek\/nagy-backamadarasi-csalad\/"},"modified":"2025-07-15T16:01:15","modified_gmt":"2025-07-15T14:01:15","slug":"nagy-backamadarasi-csalad","status":"publish","type":"product","link":"https:\/\/uj.adatbank.ro\/lexikon\/termek\/nagy-backamadarasi-csalad\/","title":{"rendered":"NAGY, backamadarasi csal\u00e1d"},"content":{"rendered":"<p>N. M\u00e1rton primipil\u00e1ris levelet nyert R\u00e1k\u00f3czi Zsigmondt\u00f3l (l\u00f3f\u0151s\u00e9get) (1607. m\u00e1rc. 29.); Marossz\u00e9kben J\u00e1nos t\u00f6rv\u00e9nysz\u00e9ki \u00fcln\u00f6k (1815-ben), S\u00e1muel ugyanakkor dull\u00f3, J\u00f3zsef akkor irnok, 1848-ban dull\u00f3biztos. C\u00edmerpecs\u00e9t a gr. Teleki-lev\u00e9lt\u00e1rban Mv. A csal\u00e1d nemess\u00e9g\u00e9t Szatm\u00e1rmegy\u00e9ben igazolta. <br \/><strong>Irod.:<\/strong> Kempelen; Nagy Iv\u00e1n; P\u00e1lmay<\/br><\/p>\n","protected":false},"excerpt":{"rendered":"<p>N. M\u00e1rton primipil\u00e1ris levelet nyert R\u00e1k\u00f3czi Zsigmondt\u00f3l (l\u00f3f\u0151s\u00e9get) (1607. m\u00e1rc. 29.); Marossz\u00e9kben J\u00e1nos t\u00f6rv\u00e9nysz\u00e9ki \u00fcln\u00f6k (1815-ben), S\u00e1muel ugyanakkor dull\u00f3, J\u00f3zsef akkor irnok, 1848-ban dull\u00f3biztos. C\u00edmerpecs\u00e9t a gr. Teleki-lev\u00e9lt\u00e1rban Mv. A csal\u00e1d nemess\u00e9g\u00e9t Szatm\u00e1rmegy\u00e9ben igazolta. Irod.: Kempelen; Nagy Iv\u00e1n; P\u00e1lmay<\/p>\n","protected":false},"featured_media":0,"comment_status":"open","ping_status":"closed","template":"","meta":[],"product_brand":[],"product_cat":[137],"product_tag":[],"class_list":{"0":"post-15986","1":"product","2":"type-product","3":"status-publish","5":"product_cat-maros-megyei-eletrajzi-lexikon","7":"first","8":"instock","9":"shipping-taxable","10":"product-type-simple"},"_links":{"self":[{"href":"https:\/\/uj.adatbank.ro\/lexikon\/wp-json\/wp\/v2\/product\/15986","targetHints":{"allow":["GET"]}}],"collection":[{"href":"https:\/\/uj.adatbank.ro\/lexikon\/wp-json\/wp\/v2\/product"}],"about":[{"href":"https:\/\/uj.adatbank.ro\/lexikon\/wp-json\/wp\/v2\/types\/product"}],"replies":[{"embeddable":true,"href":"https:\/\/uj.adatbank.ro\/lexikon\/wp-json\/wp\/v2\/comments?post=15986"}],"wp:attachment":[{"href":"https:\/\/uj.adatbank.ro\/lexikon\/wp-json\/wp\/v2\/media?parent=15986"}],"wp:term":[{"taxonomy":"product_brand","embeddable":true,"href":"https:\/\/uj.adatbank.ro\/lexikon\/wp-json\/wp\/v2\/product_brand?post=15986"},{"taxonomy":"product_cat","embeddable":true,"href":"https:\/\/uj.adatbank.ro\/lexikon\/wp-json\/wp\/v2\/product_cat?post=15986"},{"taxonomy":"product_tag","embeddable":true,"href":"https:\/\/uj.adatbank.ro\/lexikon\/wp-json\/wp\/v2\/product_tag?post=15986"}],"curies":[{"name":"wp","href":"https:\/\/api.w.org\/{rel}","templated":true}]}}