{"id":1599,"date":"2025-06-28T11:47:06","date_gmt":"2025-06-28T09:47:06","guid":{"rendered":"https:\/\/uj.adatbank.ro\/lexikon\/termek\/adorjan-3\/"},"modified":"2025-06-28T11:47:06","modified_gmt":"2025-06-28T09:47:06","slug":"adorjan-3","status":"publish","type":"product","link":"https:\/\/uj.adatbank.ro\/lexikon\/termek\/adorjan-3\/","title":{"rendered":"ADORJ\u00c1N"},"content":{"rendered":"<p>Kisadorj\u00e1ni csal\u00e1d: Nemess\u00e9g\u00e9t (1790) Szatm\u00e1rmegy\u00e9ben igazolta Bal\u00e1zs \u00e9s Andr\u00e1s. Kisk\u00fck\u00fcll\u0151megyei csal\u00e1d. (Gorz\u00f3 7.). Adorj\u00e1ni Ferencnek 1792. \u00e9vben haszn\u00e1lt c. p. (Marostorda vm. lt. 1792. \u00e9vi hom.) alapj\u00e1n a c\u00edmer: Kerektalp\u00fa pajzsban p\u00e1nc\u00e9los kar egyenes karddal. Sisakdisz: p\u00e1nc\u00e9los kar kez\u00e9ben egy goly\u00f3t tart. <br \/><strong>Irod.:<\/strong> Kempelen; MCK<\/br><\/p>\n","protected":false},"excerpt":{"rendered":"<p>Kisadorj\u00e1ni csal\u00e1d: Nemess\u00e9g\u00e9t (1790) Szatm\u00e1rmegy\u00e9ben igazolta Bal\u00e1zs \u00e9s Andr\u00e1s. Kisk\u00fck\u00fcll\u0151megyei csal\u00e1d. (Gorz\u00f3 7.). Adorj\u00e1ni Ferencnek 1792. \u00e9vben haszn\u00e1lt c. p. (Marostorda vm. lt. 1792. \u00e9vi hom.) alapj\u00e1n a c\u00edmer: Kerektalp\u00fa pajzsban p\u00e1nc\u00e9los kar egyenes karddal. Sisakdisz: p\u00e1nc\u00e9los kar kez\u00e9ben egy goly\u00f3t tart. Irod.: Kempelen; MCK<\/p>\n","protected":false},"featured_media":0,"comment_status":"open","ping_status":"closed","template":"","meta":[],"product_brand":[],"product_cat":[137],"product_tag":[],"class_list":{"0":"post-1599","1":"product","2":"type-product","3":"status-publish","5":"product_cat-maros-megyei-eletrajzi-lexikon","7":"first","8":"instock","9":"shipping-taxable","10":"product-type-simple"},"_links":{"self":[{"href":"https:\/\/uj.adatbank.ro\/lexikon\/wp-json\/wp\/v2\/product\/1599","targetHints":{"allow":["GET"]}}],"collection":[{"href":"https:\/\/uj.adatbank.ro\/lexikon\/wp-json\/wp\/v2\/product"}],"about":[{"href":"https:\/\/uj.adatbank.ro\/lexikon\/wp-json\/wp\/v2\/types\/product"}],"replies":[{"embeddable":true,"href":"https:\/\/uj.adatbank.ro\/lexikon\/wp-json\/wp\/v2\/comments?post=1599"}],"wp:attachment":[{"href":"https:\/\/uj.adatbank.ro\/lexikon\/wp-json\/wp\/v2\/media?parent=1599"}],"wp:term":[{"taxonomy":"product_brand","embeddable":true,"href":"https:\/\/uj.adatbank.ro\/lexikon\/wp-json\/wp\/v2\/product_brand?post=1599"},{"taxonomy":"product_cat","embeddable":true,"href":"https:\/\/uj.adatbank.ro\/lexikon\/wp-json\/wp\/v2\/product_cat?post=1599"},{"taxonomy":"product_tag","embeddable":true,"href":"https:\/\/uj.adatbank.ro\/lexikon\/wp-json\/wp\/v2\/product_tag?post=1599"}],"curies":[{"name":"wp","href":"https:\/\/api.w.org\/{rel}","templated":true}]}}