{"id":15990,"date":"2025-07-15T16:01:20","date_gmt":"2025-07-15T14:01:20","guid":{"rendered":"https:\/\/uj.adatbank.ro\/lexikon\/termek\/nagy-csavasi-csalad\/"},"modified":"2025-07-15T16:01:20","modified_gmt":"2025-07-15T14:01:20","slug":"nagy-csavasi-csalad","status":"publish","type":"product","link":"https:\/\/uj.adatbank.ro\/lexikon\/termek\/nagy-csavasi-csalad\/","title":{"rendered":"NAGY, cs\u00e1v\u00e1si csal\u00e1d"},"content":{"rendered":"<p>L\u00f3f\u0151s\u00e9get (1655. jun. 28.) N. Istv\u00e1n \u00e9s J\u00e1nos nyertek; L\u00f3f\u0151s\u00e9get 1678. okt. 28. N. Andr\u00e1s nyert. <br \/><strong>Irod.:<\/strong> Kempelen<\/br><\/p>\n","protected":false},"excerpt":{"rendered":"<p>L\u00f3f\u0151s\u00e9get (1655. jun. 28.) N. Istv\u00e1n \u00e9s J\u00e1nos nyertek; L\u00f3f\u0151s\u00e9get 1678. okt. 28. N. Andr\u00e1s nyert. Irod.: Kempelen<\/p>\n","protected":false},"featured_media":0,"comment_status":"open","ping_status":"closed","template":"","meta":[],"product_brand":[],"product_cat":[137],"product_tag":[],"class_list":{"0":"post-15990","1":"product","2":"type-product","3":"status-publish","5":"product_cat-maros-megyei-eletrajzi-lexikon","7":"first","8":"instock","9":"shipping-taxable","10":"product-type-simple"},"_links":{"self":[{"href":"https:\/\/uj.adatbank.ro\/lexikon\/wp-json\/wp\/v2\/product\/15990","targetHints":{"allow":["GET"]}}],"collection":[{"href":"https:\/\/uj.adatbank.ro\/lexikon\/wp-json\/wp\/v2\/product"}],"about":[{"href":"https:\/\/uj.adatbank.ro\/lexikon\/wp-json\/wp\/v2\/types\/product"}],"replies":[{"embeddable":true,"href":"https:\/\/uj.adatbank.ro\/lexikon\/wp-json\/wp\/v2\/comments?post=15990"}],"wp:attachment":[{"href":"https:\/\/uj.adatbank.ro\/lexikon\/wp-json\/wp\/v2\/media?parent=15990"}],"wp:term":[{"taxonomy":"product_brand","embeddable":true,"href":"https:\/\/uj.adatbank.ro\/lexikon\/wp-json\/wp\/v2\/product_brand?post=15990"},{"taxonomy":"product_cat","embeddable":true,"href":"https:\/\/uj.adatbank.ro\/lexikon\/wp-json\/wp\/v2\/product_cat?post=15990"},{"taxonomy":"product_tag","embeddable":true,"href":"https:\/\/uj.adatbank.ro\/lexikon\/wp-json\/wp\/v2\/product_tag?post=15990"}],"curies":[{"name":"wp","href":"https:\/\/api.w.org\/{rel}","templated":true}]}}