{"id":15991,"date":"2025-07-15T16:01:22","date_gmt":"2025-07-15T14:01:22","guid":{"rendered":"https:\/\/uj.adatbank.ro\/lexikon\/termek\/nagy-csokfalvi-csalad\/"},"modified":"2025-07-15T16:01:22","modified_gmt":"2025-07-15T14:01:22","slug":"nagy-csokfalvi-csalad","status":"publish","type":"product","link":"https:\/\/uj.adatbank.ro\/lexikon\/termek\/nagy-csokfalvi-csalad\/","title":{"rendered":"NAGY, cs\u00f3kfalvi csal\u00e1d"},"content":{"rendered":"<p>N. Bal\u00e1zs nyert primipil\u00e1ris levelet (l\u00f3f\u0151s\u00e9get) (1655. j\u00fan. 28.). <br \/><strong>Irod.:<\/strong> Kempelen; P\u00e1lmay<\/br><\/p>\n","protected":false},"excerpt":{"rendered":"<p>N. Bal\u00e1zs nyert primipil\u00e1ris levelet (l\u00f3f\u0151s\u00e9get) (1655. j\u00fan. 28.). Irod.: Kempelen; P\u00e1lmay<\/p>\n","protected":false},"featured_media":0,"comment_status":"open","ping_status":"closed","template":"","meta":[],"product_brand":[],"product_cat":[137],"product_tag":[],"class_list":{"0":"post-15991","1":"product","2":"type-product","3":"status-publish","5":"product_cat-maros-megyei-eletrajzi-lexikon","7":"first","8":"instock","9":"shipping-taxable","10":"product-type-simple"},"_links":{"self":[{"href":"https:\/\/uj.adatbank.ro\/lexikon\/wp-json\/wp\/v2\/product\/15991","targetHints":{"allow":["GET"]}}],"collection":[{"href":"https:\/\/uj.adatbank.ro\/lexikon\/wp-json\/wp\/v2\/product"}],"about":[{"href":"https:\/\/uj.adatbank.ro\/lexikon\/wp-json\/wp\/v2\/types\/product"}],"replies":[{"embeddable":true,"href":"https:\/\/uj.adatbank.ro\/lexikon\/wp-json\/wp\/v2\/comments?post=15991"}],"wp:attachment":[{"href":"https:\/\/uj.adatbank.ro\/lexikon\/wp-json\/wp\/v2\/media?parent=15991"}],"wp:term":[{"taxonomy":"product_brand","embeddable":true,"href":"https:\/\/uj.adatbank.ro\/lexikon\/wp-json\/wp\/v2\/product_brand?post=15991"},{"taxonomy":"product_cat","embeddable":true,"href":"https:\/\/uj.adatbank.ro\/lexikon\/wp-json\/wp\/v2\/product_cat?post=15991"},{"taxonomy":"product_tag","embeddable":true,"href":"https:\/\/uj.adatbank.ro\/lexikon\/wp-json\/wp\/v2\/product_tag?post=15991"}],"curies":[{"name":"wp","href":"https:\/\/api.w.org\/{rel}","templated":true}]}}