{"id":15993,"date":"2025-07-15T16:01:24","date_gmt":"2025-07-15T14:01:24","guid":{"rendered":"https:\/\/uj.adatbank.ro\/lexikon\/termek\/nagy-demeterfalvi-csalad\/"},"modified":"2025-07-15T16:01:24","modified_gmt":"2025-07-15T14:01:24","slug":"nagy-demeterfalvi-csalad","status":"publish","type":"product","link":"https:\/\/uj.adatbank.ro\/lexikon\/termek\/nagy-demeterfalvi-csalad\/","title":{"rendered":"NAGY, demeterfalvi csal\u00e1d"},"content":{"rendered":"<p>A csal\u00e1d f\u00e9szke Marossz\u00e9k \u00e9s K\u00fck\u00fcll\u0151 v\u00e1rmegye. T\u00f6rzse demeterfalvi Nagy Ferenc 1520-ban \u00e9lt, A csal\u00e1db\u00f3l Elek 1815. k\u00f6r\u00fcl Marossz\u00e9kben dull\u00f3, S\u00e1ndor aljegyz\u0151, ut\u00f3bb sz\u00e1mvev\u0151 biztos 1848-ig; C\u00edmerpecs\u00e9t a gr. Teleki-lev\u00e9lt\u00e1rban Mv. <br \/><strong>Irod.:<\/strong> Kempelen; Nagy Iv\u00e1n<\/br><\/p>\n","protected":false},"excerpt":{"rendered":"<p>A csal\u00e1d f\u00e9szke Marossz\u00e9k \u00e9s K\u00fck\u00fcll\u0151 v\u00e1rmegye. T\u00f6rzse demeterfalvi Nagy Ferenc 1520-ban \u00e9lt, A csal\u00e1db\u00f3l Elek 1815. k\u00f6r\u00fcl Marossz\u00e9kben dull\u00f3, S\u00e1ndor aljegyz\u0151, ut\u00f3bb sz\u00e1mvev\u0151 biztos 1848-ig; C\u00edmerpecs\u00e9t a gr. Teleki-lev\u00e9lt\u00e1rban Mv. Irod.: Kempelen; Nagy Iv\u00e1n<\/p>\n","protected":false},"featured_media":0,"comment_status":"open","ping_status":"closed","template":"","meta":[],"product_brand":[],"product_cat":[137],"product_tag":[],"class_list":{"0":"post-15993","1":"product","2":"type-product","3":"status-publish","5":"product_cat-maros-megyei-eletrajzi-lexikon","7":"first","8":"instock","9":"shipping-taxable","10":"product-type-simple"},"_links":{"self":[{"href":"https:\/\/uj.adatbank.ro\/lexikon\/wp-json\/wp\/v2\/product\/15993","targetHints":{"allow":["GET"]}}],"collection":[{"href":"https:\/\/uj.adatbank.ro\/lexikon\/wp-json\/wp\/v2\/product"}],"about":[{"href":"https:\/\/uj.adatbank.ro\/lexikon\/wp-json\/wp\/v2\/types\/product"}],"replies":[{"embeddable":true,"href":"https:\/\/uj.adatbank.ro\/lexikon\/wp-json\/wp\/v2\/comments?post=15993"}],"wp:attachment":[{"href":"https:\/\/uj.adatbank.ro\/lexikon\/wp-json\/wp\/v2\/media?parent=15993"}],"wp:term":[{"taxonomy":"product_brand","embeddable":true,"href":"https:\/\/uj.adatbank.ro\/lexikon\/wp-json\/wp\/v2\/product_brand?post=15993"},{"taxonomy":"product_cat","embeddable":true,"href":"https:\/\/uj.adatbank.ro\/lexikon\/wp-json\/wp\/v2\/product_cat?post=15993"},{"taxonomy":"product_tag","embeddable":true,"href":"https:\/\/uj.adatbank.ro\/lexikon\/wp-json\/wp\/v2\/product_tag?post=15993"}],"curies":[{"name":"wp","href":"https:\/\/api.w.org\/{rel}","templated":true}]}}