{"id":1600,"date":"2025-06-28T11:47:07","date_gmt":"2025-06-28T09:47:07","guid":{"rendered":"https:\/\/uj.adatbank.ro\/lexikon\/termek\/adorjan-domokos\/"},"modified":"2025-06-28T11:47:07","modified_gmt":"2025-06-28T09:47:07","slug":"adorjan-domokos","status":"publish","type":"product","link":"https:\/\/uj.adatbank.ro\/lexikon\/termek\/adorjan-domokos\/","title":{"rendered":"ADORJ\u00c1N Domokos"},"content":{"rendered":"<p>Ny\u00e1r\u00e1dszentm\u00e1rton, 1856. dec. 25., \u2020 \u00d3torda, 1907. dec. 15.: tan\u00edt\u00f3. \u2013 A gimn.-ot Torock\u00f3n \u00e9s Kv.-on v\u00e9gezte, majd teol\u00f3gi\u00e1t hallgatott. Tan\u00edt\u00f3i oklevelet szerezett (1884). Seg\u00e9dk\u00e1ntor a kv.-i Unit. Koll.-ban. Vargyason majd Tord\u00e1n k\u00e1ntortan\u00edt\u00f3, csak k\u00e1ntor (1905-07), ezut\u00e1n az \u00f3tordai elemi iskol\u00e1ban tan\u00edtott. Cikkei k\u00f6z\u00f6lte az Aranyosvid\u00e9k, N\u00e9ptan\u00edt\u00f3k Lapja, Ellenz\u00e9k, Unit\u00e1rius Egyh\u00e1z, Unit\u00e1rius K\u00f6zl\u00f6ny. <br \/><strong>Irod.:<\/strong> Ga\u00e1l 2001; Guly\u00e1s<\/br><\/p>\n","protected":false},"excerpt":{"rendered":"<p>Ny\u00e1r\u00e1dszentm\u00e1rton, 1856. dec. 25., \u2020 \u00d3torda, 1907. dec. 15.: tan\u00edt\u00f3. \u2013 A gimn.-ot Torock\u00f3n \u00e9s Kv.-on v\u00e9gezte, majd teol\u00f3gi\u00e1t hallgatott. Tan\u00edt\u00f3i oklevelet szerezett (1884). Seg\u00e9dk\u00e1ntor a kv.-i Unit. Koll.-ban. Vargyason majd Tord\u00e1n k\u00e1ntortan\u00edt\u00f3, csak k\u00e1ntor (1905-07), ezut\u00e1n az \u00f3tordai elemi iskol\u00e1ban tan\u00edtott. Cikkei k\u00f6z\u00f6lte az Aranyosvid\u00e9k, N\u00e9ptan\u00edt\u00f3k Lapja, Ellenz\u00e9k, Unit\u00e1rius Egyh\u00e1z, Unit\u00e1rius K\u00f6zl\u00f6ny. Irod.: Ga\u00e1l [&hellip;]<\/p>\n","protected":false},"featured_media":0,"comment_status":"open","ping_status":"closed","template":"","meta":[],"product_brand":[],"product_cat":[137],"product_tag":[],"class_list":{"0":"post-1600","1":"product","2":"type-product","3":"status-publish","5":"product_cat-maros-megyei-eletrajzi-lexikon","7":"first","8":"instock","9":"shipping-taxable","10":"product-type-simple"},"_links":{"self":[{"href":"https:\/\/uj.adatbank.ro\/lexikon\/wp-json\/wp\/v2\/product\/1600","targetHints":{"allow":["GET"]}}],"collection":[{"href":"https:\/\/uj.adatbank.ro\/lexikon\/wp-json\/wp\/v2\/product"}],"about":[{"href":"https:\/\/uj.adatbank.ro\/lexikon\/wp-json\/wp\/v2\/types\/product"}],"replies":[{"embeddable":true,"href":"https:\/\/uj.adatbank.ro\/lexikon\/wp-json\/wp\/v2\/comments?post=1600"}],"wp:attachment":[{"href":"https:\/\/uj.adatbank.ro\/lexikon\/wp-json\/wp\/v2\/media?parent=1600"}],"wp:term":[{"taxonomy":"product_brand","embeddable":true,"href":"https:\/\/uj.adatbank.ro\/lexikon\/wp-json\/wp\/v2\/product_brand?post=1600"},{"taxonomy":"product_cat","embeddable":true,"href":"https:\/\/uj.adatbank.ro\/lexikon\/wp-json\/wp\/v2\/product_cat?post=1600"},{"taxonomy":"product_tag","embeddable":true,"href":"https:\/\/uj.adatbank.ro\/lexikon\/wp-json\/wp\/v2\/product_tag?post=1600"}],"curies":[{"name":"wp","href":"https:\/\/api.w.org\/{rel}","templated":true}]}}