{"id":16001,"date":"2025-07-15T16:01:39","date_gmt":"2025-07-15T14:01:39","guid":{"rendered":"https:\/\/uj.adatbank.ro\/lexikon\/termek\/nagy-harasztkereki-csalad\/"},"modified":"2025-07-15T16:01:39","modified_gmt":"2025-07-15T14:01:39","slug":"nagy-harasztkereki-csalad","status":"publish","type":"product","link":"https:\/\/uj.adatbank.ro\/lexikon\/termek\/nagy-harasztkereki-csalad\/","title":{"rendered":"NAGY, harasztker\u00e9ki csal\u00e1d"},"content":{"rendered":"<p>Nemess\u00e9g\u00e9t a legfels\u0151bb helyen igazolta (1785. jan. 31.); J\u00f3zsef \u00fcgyv\u00e9d Kv.-on (1843-ban.) <br \/><strong>Irod.:<\/strong> P\u00e1lmay<\/br><\/p>\n","protected":false},"excerpt":{"rendered":"<p>Nemess\u00e9g\u00e9t a legfels\u0151bb helyen igazolta (1785. jan. 31.); J\u00f3zsef \u00fcgyv\u00e9d Kv.-on (1843-ban.) Irod.: P\u00e1lmay<\/p>\n","protected":false},"featured_media":0,"comment_status":"open","ping_status":"closed","template":"","meta":[],"product_brand":[],"product_cat":[137],"product_tag":[],"class_list":{"0":"post-16001","1":"product","2":"type-product","3":"status-publish","5":"product_cat-maros-megyei-eletrajzi-lexikon","7":"first","8":"instock","9":"shipping-taxable","10":"product-type-simple"},"_links":{"self":[{"href":"https:\/\/uj.adatbank.ro\/lexikon\/wp-json\/wp\/v2\/product\/16001","targetHints":{"allow":["GET"]}}],"collection":[{"href":"https:\/\/uj.adatbank.ro\/lexikon\/wp-json\/wp\/v2\/product"}],"about":[{"href":"https:\/\/uj.adatbank.ro\/lexikon\/wp-json\/wp\/v2\/types\/product"}],"replies":[{"embeddable":true,"href":"https:\/\/uj.adatbank.ro\/lexikon\/wp-json\/wp\/v2\/comments?post=16001"}],"wp:attachment":[{"href":"https:\/\/uj.adatbank.ro\/lexikon\/wp-json\/wp\/v2\/media?parent=16001"}],"wp:term":[{"taxonomy":"product_brand","embeddable":true,"href":"https:\/\/uj.adatbank.ro\/lexikon\/wp-json\/wp\/v2\/product_brand?post=16001"},{"taxonomy":"product_cat","embeddable":true,"href":"https:\/\/uj.adatbank.ro\/lexikon\/wp-json\/wp\/v2\/product_cat?post=16001"},{"taxonomy":"product_tag","embeddable":true,"href":"https:\/\/uj.adatbank.ro\/lexikon\/wp-json\/wp\/v2\/product_tag?post=16001"}],"curies":[{"name":"wp","href":"https:\/\/api.w.org\/{rel}","templated":true}]}}