{"id":16003,"date":"2025-07-15T16:01:46","date_gmt":"2025-07-15T14:01:46","guid":{"rendered":"https:\/\/uj.adatbank.ro\/lexikon\/termek\/nagy-hejasfalvi-csalad\/"},"modified":"2025-07-15T16:01:46","modified_gmt":"2025-07-15T14:01:46","slug":"nagy-hejasfalvi-csalad","status":"publish","type":"product","link":"https:\/\/uj.adatbank.ro\/lexikon\/termek\/nagy-hejasfalvi-csalad\/","title":{"rendered":"NAGY, h\u00e9jasfalvi csal\u00e1d"},"content":{"rendered":"<p>P\u00e1l szolgab\u00edr\u00f3, K\u00e1roly ad\u00f3ir\u00f3 biztos (1848-ban).Tal\u00e1n e csal\u00e1dbeliek Fels\u0151-Fej\u00e9rben a k\u00f6vetkez\u0151 birtokosok is: S\u00e1ndor n.-selyki postamester 1845-ig, ut\u00e1nna Tam\u00e1s ugyanaz, \u00e9s Mih\u00e1lyfalv\u00e1n birtokos, N. Tam\u00e1sn\u00e9 Vajna Ter\u00e9z Hidv\u00e9gen birtokos. N. J\u00f3zsef vecserdi birtokos stb. <br \/><strong>Irod.:<\/strong> Nagy Iv\u00e1n<\/br><\/p>\n","protected":false},"excerpt":{"rendered":"<p>P\u00e1l szolgab\u00edr\u00f3, K\u00e1roly ad\u00f3ir\u00f3 biztos (1848-ban).Tal\u00e1n e csal\u00e1dbeliek Fels\u0151-Fej\u00e9rben a k\u00f6vetkez\u0151 birtokosok is: S\u00e1ndor n.-selyki postamester 1845-ig, ut\u00e1nna Tam\u00e1s ugyanaz, \u00e9s Mih\u00e1lyfalv\u00e1n birtokos, N. Tam\u00e1sn\u00e9 Vajna Ter\u00e9z Hidv\u00e9gen birtokos. N. J\u00f3zsef vecserdi birtokos stb. Irod.: Nagy Iv\u00e1n<\/p>\n","protected":false},"featured_media":0,"comment_status":"open","ping_status":"closed","template":"","meta":[],"product_brand":[],"product_cat":[137],"product_tag":[],"class_list":{"0":"post-16003","1":"product","2":"type-product","3":"status-publish","5":"product_cat-maros-megyei-eletrajzi-lexikon","7":"first","8":"instock","9":"shipping-taxable","10":"product-type-simple"},"_links":{"self":[{"href":"https:\/\/uj.adatbank.ro\/lexikon\/wp-json\/wp\/v2\/product\/16003","targetHints":{"allow":["GET"]}}],"collection":[{"href":"https:\/\/uj.adatbank.ro\/lexikon\/wp-json\/wp\/v2\/product"}],"about":[{"href":"https:\/\/uj.adatbank.ro\/lexikon\/wp-json\/wp\/v2\/types\/product"}],"replies":[{"embeddable":true,"href":"https:\/\/uj.adatbank.ro\/lexikon\/wp-json\/wp\/v2\/comments?post=16003"}],"wp:attachment":[{"href":"https:\/\/uj.adatbank.ro\/lexikon\/wp-json\/wp\/v2\/media?parent=16003"}],"wp:term":[{"taxonomy":"product_brand","embeddable":true,"href":"https:\/\/uj.adatbank.ro\/lexikon\/wp-json\/wp\/v2\/product_brand?post=16003"},{"taxonomy":"product_cat","embeddable":true,"href":"https:\/\/uj.adatbank.ro\/lexikon\/wp-json\/wp\/v2\/product_cat?post=16003"},{"taxonomy":"product_tag","embeddable":true,"href":"https:\/\/uj.adatbank.ro\/lexikon\/wp-json\/wp\/v2\/product_tag?post=16003"}],"curies":[{"name":"wp","href":"https:\/\/api.w.org\/{rel}","templated":true}]}}