{"id":16004,"date":"2025-07-15T16:01:48","date_gmt":"2025-07-15T14:01:48","guid":{"rendered":"https:\/\/uj.adatbank.ro\/lexikon\/termek\/nagy-ilencfalvi-csalad\/"},"modified":"2025-07-15T16:01:48","modified_gmt":"2025-07-15T14:01:48","slug":"nagy-ilencfalvi-csalad","status":"publish","type":"product","link":"https:\/\/uj.adatbank.ro\/lexikon\/termek\/nagy-ilencfalvi-csalad\/","title":{"rendered":"NAGY, ilencfalvi csal\u00e1d"},"content":{"rendered":"<p>N. P\u00e1l kapott primipil\u00e1ris levelet (l\u00f3f\u0151s\u00e9get) (1609. dec. 31.); N. J\u00e1nos \u00e9s P\u00e9ter nemeslevelet nyert II. R\u00e1k\u00f3czi Gy\u00f6rgyt\u0151l (1655. j\u00fan. 28.). <br \/><strong>Irod.:<\/strong> Kempelen; P\u00e1lmay<\/br><\/p>\n","protected":false},"excerpt":{"rendered":"<p>N. P\u00e1l kapott primipil\u00e1ris levelet (l\u00f3f\u0151s\u00e9get) (1609. dec. 31.); N. J\u00e1nos \u00e9s P\u00e9ter nemeslevelet nyert II. R\u00e1k\u00f3czi Gy\u00f6rgyt\u0151l (1655. j\u00fan. 28.). Irod.: Kempelen; P\u00e1lmay<\/p>\n","protected":false},"featured_media":0,"comment_status":"open","ping_status":"closed","template":"","meta":[],"product_brand":[],"product_cat":[137],"product_tag":[],"class_list":{"0":"post-16004","1":"product","2":"type-product","3":"status-publish","5":"product_cat-maros-megyei-eletrajzi-lexikon","7":"first","8":"instock","9":"shipping-taxable","10":"product-type-simple"},"_links":{"self":[{"href":"https:\/\/uj.adatbank.ro\/lexikon\/wp-json\/wp\/v2\/product\/16004","targetHints":{"allow":["GET"]}}],"collection":[{"href":"https:\/\/uj.adatbank.ro\/lexikon\/wp-json\/wp\/v2\/product"}],"about":[{"href":"https:\/\/uj.adatbank.ro\/lexikon\/wp-json\/wp\/v2\/types\/product"}],"replies":[{"embeddable":true,"href":"https:\/\/uj.adatbank.ro\/lexikon\/wp-json\/wp\/v2\/comments?post=16004"}],"wp:attachment":[{"href":"https:\/\/uj.adatbank.ro\/lexikon\/wp-json\/wp\/v2\/media?parent=16004"}],"wp:term":[{"taxonomy":"product_brand","embeddable":true,"href":"https:\/\/uj.adatbank.ro\/lexikon\/wp-json\/wp\/v2\/product_brand?post=16004"},{"taxonomy":"product_cat","embeddable":true,"href":"https:\/\/uj.adatbank.ro\/lexikon\/wp-json\/wp\/v2\/product_cat?post=16004"},{"taxonomy":"product_tag","embeddable":true,"href":"https:\/\/uj.adatbank.ro\/lexikon\/wp-json\/wp\/v2\/product_tag?post=16004"}],"curies":[{"name":"wp","href":"https:\/\/api.w.org\/{rel}","templated":true}]}}