{"id":16006,"date":"2025-07-15T16:01:55","date_gmt":"2025-07-15T14:01:55","guid":{"rendered":"https:\/\/uj.adatbank.ro\/lexikon\/termek\/nagy-kaali-csalad\/"},"modified":"2025-07-15T16:01:55","modified_gmt":"2025-07-15T14:01:55","slug":"nagy-kaali-csalad","status":"publish","type":"product","link":"https:\/\/uj.adatbank.ro\/lexikon\/termek\/nagy-kaali-csalad\/","title":{"rendered":"NAGY, ka\u00e1li csal\u00e1d"},"content":{"rendered":"<p>Marossz\u00e9k legr\u00e9gibb csal\u00e1djainak egyike, Els\u0151 ismert \u0151se Gy\u00f6rgy, kit II. J\u00e1nos kir\u00e1ly Tord\u00e1n (1570. m\u00e1j. 29.) kelt uj adom\u00e1nylevel\u00e9ben meger\u0151sit r\u00e9gi l\u00f3f\u0151 nemess\u00e9g\u00e9ben \u00e9s marossz\u00e9ki birtokaiban; B\u00e1thory Istv\u00e1n tesz eml\u00edt\u00e9st r\u00f3la (1574. jan. 19.); Fiai P\u00e1l \u00e9s Mih\u00e1ly (1606., 1607.) Erny\u00e9ben v\u00e1s\u00e1roltak birtokokat. N. M\u00e1ty\u00e1s \u00e9s J\u00e1nos a cs. \u00e9s kir. h\u0171s\u00e9gre esk\u00fcsznek f\u0151l B\u00e1sta rendelet\u00e9re (1602); Ka\u00e1lb\u00f3l N. P\u00e1l \u00e9s J\u00e1nos lustr\u00e1ltak (1614). \u2013 ezen P\u00e1lnak fia J\u00e1nos (1667). Apaffi Mih\u00e1lyt\u00f3l adom\u00e1nyul kapta a k\u00e1li v\u00e1s\u00e1rjogot. Mih\u00e1ly unok\u00e1ja pedig Mikl\u00f3s (1718. \u00e1pr. 12). Mv.-en indubitatust Nemes Embernek mondatik az eg\u00e9sz Nagy famili\u00e1val, valamint (1777). befejez\u00e9st nyert nemess\u00e9gigazol\u00f3 p\u00f6r\u00fck alkalm\u00e1val az \u00e9letbe lev\u0151 id. Zsigmond, L\u00e1szl\u00f3, Benjamin, Simon, G\u00e1bor, S\u00e1muel, J\u00e1nos (k\u00f6z\u00e9ps\u0151), J\u00f3zsef, S\u00e1ndor, Istv\u00e1n, ifj. J\u00e1nos, id. D\u00e1niel, Gy\u00f6rgy, S\u00e1muel, ifj. Zsigmond, L\u0151rinc, Ferenc, M\u00e1ty\u00e1s; N. M\u00e1ty\u00e1s \u00e9s J\u00e1nos a cs. \u00e9s kir. h\u0171s\u00e9gre esk\u00fcsznek f\u0151l B\u00e1sta rendelet\u00e9re (1602); Ka\u00e1lb\u00f3l N. P\u00e1l \u00e9s J\u00e1nos lustr\u00e1ltak (1614), Tagjai k\u00f6z\u0171l Marossz\u00e9kben hivatalokat viseltek: J\u00f3zsef (1791-ben) Maros-sz\u00e9k orsz\u00e1ggy\u00fcl\u00e9si k\u00f6vete; M\u00f3zes (1815-ben) dull\u00f3, J\u00f3zsef \u00e9s Simon aljegyz\u0151k, Mikl\u00f3s p\u00e9nzt\u00e1rnok; K\u00e1roly (1837-ben) \u00e1rvasz\u00e9ki \u00fcln\u00f6k, Istv\u00e1n dull\u00f3, Zsigmond, Gergely, \u00e9s ifj. Istv\u00e1n t\u00f6rv\u00e9nysz\u00e9ki \u00fcln\u00f6k\u00f6k voltak. Mv. mellett Sz.-L\u00e1szl\u00f3n lakik D\u00e9nes. C\u00edmer: k\u00e9k mez\u0151ben kir\u00e1lyi koron\u00e1s k\u00f6ny\u00f6kl\u0151 p\u00e1ncz\u00e9los kar g\u00f6rbe kardot tart.<br \/><strong>Irod.:<\/strong> Filep; Kempelen; Nagy Iv\u00e1n; P\u00e1lmay<\/br><\/p>\n","protected":false},"excerpt":{"rendered":"<p>Marossz\u00e9k legr\u00e9gibb csal\u00e1djainak egyike, Els\u0151 ismert \u0151se Gy\u00f6rgy, kit II. J\u00e1nos kir\u00e1ly Tord\u00e1n (1570. m\u00e1j. 29.) kelt uj adom\u00e1nylevel\u00e9ben meger\u0151sit r\u00e9gi l\u00f3f\u0151 nemess\u00e9g\u00e9ben \u00e9s marossz\u00e9ki birtokaiban; B\u00e1thory Istv\u00e1n tesz eml\u00edt\u00e9st r\u00f3la (1574. jan. 19.); Fiai P\u00e1l \u00e9s Mih\u00e1ly (1606., 1607.) Erny\u00e9ben v\u00e1s\u00e1roltak birtokokat. N. M\u00e1ty\u00e1s \u00e9s J\u00e1nos a cs. \u00e9s kir. h\u0171s\u00e9gre esk\u00fcsznek f\u0151l B\u00e1sta [&hellip;]<\/p>\n","protected":false},"featured_media":0,"comment_status":"open","ping_status":"closed","template":"","meta":[],"product_brand":[],"product_cat":[137],"product_tag":[],"class_list":{"0":"post-16006","1":"product","2":"type-product","3":"status-publish","5":"product_cat-maros-megyei-eletrajzi-lexikon","7":"first","8":"instock","9":"shipping-taxable","10":"product-type-simple"},"_links":{"self":[{"href":"https:\/\/uj.adatbank.ro\/lexikon\/wp-json\/wp\/v2\/product\/16006","targetHints":{"allow":["GET"]}}],"collection":[{"href":"https:\/\/uj.adatbank.ro\/lexikon\/wp-json\/wp\/v2\/product"}],"about":[{"href":"https:\/\/uj.adatbank.ro\/lexikon\/wp-json\/wp\/v2\/types\/product"}],"replies":[{"embeddable":true,"href":"https:\/\/uj.adatbank.ro\/lexikon\/wp-json\/wp\/v2\/comments?post=16006"}],"wp:attachment":[{"href":"https:\/\/uj.adatbank.ro\/lexikon\/wp-json\/wp\/v2\/media?parent=16006"}],"wp:term":[{"taxonomy":"product_brand","embeddable":true,"href":"https:\/\/uj.adatbank.ro\/lexikon\/wp-json\/wp\/v2\/product_brand?post=16006"},{"taxonomy":"product_cat","embeddable":true,"href":"https:\/\/uj.adatbank.ro\/lexikon\/wp-json\/wp\/v2\/product_cat?post=16006"},{"taxonomy":"product_tag","embeddable":true,"href":"https:\/\/uj.adatbank.ro\/lexikon\/wp-json\/wp\/v2\/product_tag?post=16006"}],"curies":[{"name":"wp","href":"https:\/\/api.w.org\/{rel}","templated":true}]}}