{"id":16007,"date":"2025-07-15T16:01:57","date_gmt":"2025-07-15T14:01:57","guid":{"rendered":"https:\/\/uj.adatbank.ro\/lexikon\/termek\/nagy-kaposztasszentmiklosi-csalad\/"},"modified":"2025-07-15T16:01:57","modified_gmt":"2025-07-15T14:01:57","slug":"nagy-kaposztasszentmiklosi-csalad","status":"publish","type":"product","link":"https:\/\/uj.adatbank.ro\/lexikon\/termek\/nagy-kaposztasszentmiklosi-csalad\/","title":{"rendered":"NAGY, k\u00e1poszt\u00e1sszentmikl\u00f3si csal\u00e1d"},"content":{"rendered":"<p>N. Mih\u00e1ly nyert nemeslevelet (l\u00f3f\u0151s\u00e9get) R\u00e1k\u00f3czi Gy\u00f6rgyt\u0151l (1655. j\u00fan. 28.); N. Gergely nyert nemeslevelet II. R\u00e1k\u00f3czi Gy\u00f6rgyt\u0151l (1653. m\u00e1rc. 7.); N. L\u00e1szl\u00f3 \u00e9s Istv\u00e1n c\u00edmeres nemeslevelet kapott (1701. j\u00fan. 9.). <br \/><strong>Irod.:<\/strong> Kempelen; P\u00e1lmay<\/br><\/p>\n","protected":false},"excerpt":{"rendered":"<p>N. Mih\u00e1ly nyert nemeslevelet (l\u00f3f\u0151s\u00e9get) R\u00e1k\u00f3czi Gy\u00f6rgyt\u0151l (1655. j\u00fan. 28.); N. Gergely nyert nemeslevelet II. R\u00e1k\u00f3czi Gy\u00f6rgyt\u0151l (1653. m\u00e1rc. 7.); N. L\u00e1szl\u00f3 \u00e9s Istv\u00e1n c\u00edmeres nemeslevelet kapott (1701. j\u00fan. 9.). Irod.: Kempelen; P\u00e1lmay<\/p>\n","protected":false},"featured_media":0,"comment_status":"open","ping_status":"closed","template":"","meta":[],"product_brand":[],"product_cat":[137],"product_tag":[],"class_list":{"0":"post-16007","1":"product","2":"type-product","3":"status-publish","5":"product_cat-maros-megyei-eletrajzi-lexikon","7":"first","8":"instock","9":"shipping-taxable","10":"product-type-simple"},"_links":{"self":[{"href":"https:\/\/uj.adatbank.ro\/lexikon\/wp-json\/wp\/v2\/product\/16007","targetHints":{"allow":["GET"]}}],"collection":[{"href":"https:\/\/uj.adatbank.ro\/lexikon\/wp-json\/wp\/v2\/product"}],"about":[{"href":"https:\/\/uj.adatbank.ro\/lexikon\/wp-json\/wp\/v2\/types\/product"}],"replies":[{"embeddable":true,"href":"https:\/\/uj.adatbank.ro\/lexikon\/wp-json\/wp\/v2\/comments?post=16007"}],"wp:attachment":[{"href":"https:\/\/uj.adatbank.ro\/lexikon\/wp-json\/wp\/v2\/media?parent=16007"}],"wp:term":[{"taxonomy":"product_brand","embeddable":true,"href":"https:\/\/uj.adatbank.ro\/lexikon\/wp-json\/wp\/v2\/product_brand?post=16007"},{"taxonomy":"product_cat","embeddable":true,"href":"https:\/\/uj.adatbank.ro\/lexikon\/wp-json\/wp\/v2\/product_cat?post=16007"},{"taxonomy":"product_tag","embeddable":true,"href":"https:\/\/uj.adatbank.ro\/lexikon\/wp-json\/wp\/v2\/product_tag?post=16007"}],"curies":[{"name":"wp","href":"https:\/\/api.w.org\/{rel}","templated":true}]}}