{"id":16009,"date":"2025-07-15T16:02:01","date_gmt":"2025-07-15T14:02:01","guid":{"rendered":"https:\/\/uj.adatbank.ro\/lexikon\/termek\/nagy-kibedi-csalad\/"},"modified":"2025-07-15T16:02:01","modified_gmt":"2025-07-15T14:02:01","slug":"nagy-kibedi-csalad","status":"publish","type":"product","link":"https:\/\/uj.adatbank.ro\/lexikon\/termek\/nagy-kibedi-csalad\/","title":{"rendered":"NAGY, kib\u00e9di csal\u00e1d"},"content":{"rendered":"<p>Marossz\u00e9ki sz\u00e9kely csal\u00e1d amelyb\u0151l kib\u00e9di Nagy Ambr\u00fas \u00e9lt 1579-ben, ki az Abr\u00e1m nemb\u0151l, Nagy-\u00c1ghb\u00f3l eredt; N. Mikl\u00f3s kapott pixid\u00e1riusi levelet B\u00e1thory G\u00e1bort\u00f3l (gyalogoss\u00e1got) (1608. j\u00fan. 10.); Nemess\u00e9g\u00e9t 1624-ben igazolta; J\u00f3zsef Als\u00f3-Fej\u00e9r megyei szolgab\u00edr (1848. k\u00f6r\u0171l), Enyed v\u00e1rosi k\u00f6zs\u00e9gi sz\u00f3nok. Andr\u00e1s t\u00e1blabir\u00f3 \u00e9s \u00e1llom\u00e1si biztos (1848-ban.) <br \/><strong>Irod.:<\/strong> Kempelen; Nagy Iv\u00e1n; P\u00e1lmay<\/br><\/p>\n","protected":false},"excerpt":{"rendered":"<p>Marossz\u00e9ki sz\u00e9kely csal\u00e1d amelyb\u0151l kib\u00e9di Nagy Ambr\u00fas \u00e9lt 1579-ben, ki az Abr\u00e1m nemb\u0151l, Nagy-\u00c1ghb\u00f3l eredt; N. Mikl\u00f3s kapott pixid\u00e1riusi levelet B\u00e1thory G\u00e1bort\u00f3l (gyalogoss\u00e1got) (1608. j\u00fan. 10.); Nemess\u00e9g\u00e9t 1624-ben igazolta; J\u00f3zsef Als\u00f3-Fej\u00e9r megyei szolgab\u00edr (1848. k\u00f6r\u0171l), Enyed v\u00e1rosi k\u00f6zs\u00e9gi sz\u00f3nok. Andr\u00e1s t\u00e1blabir\u00f3 \u00e9s \u00e1llom\u00e1si biztos (1848-ban.) Irod.: Kempelen; Nagy Iv\u00e1n; P\u00e1lmay<\/p>\n","protected":false},"featured_media":0,"comment_status":"open","ping_status":"closed","template":"","meta":[],"product_brand":[],"product_cat":[137],"product_tag":[],"class_list":{"0":"post-16009","1":"product","2":"type-product","3":"status-publish","5":"product_cat-maros-megyei-eletrajzi-lexikon","7":"first","8":"instock","9":"shipping-taxable","10":"product-type-simple"},"_links":{"self":[{"href":"https:\/\/uj.adatbank.ro\/lexikon\/wp-json\/wp\/v2\/product\/16009","targetHints":{"allow":["GET"]}}],"collection":[{"href":"https:\/\/uj.adatbank.ro\/lexikon\/wp-json\/wp\/v2\/product"}],"about":[{"href":"https:\/\/uj.adatbank.ro\/lexikon\/wp-json\/wp\/v2\/types\/product"}],"replies":[{"embeddable":true,"href":"https:\/\/uj.adatbank.ro\/lexikon\/wp-json\/wp\/v2\/comments?post=16009"}],"wp:attachment":[{"href":"https:\/\/uj.adatbank.ro\/lexikon\/wp-json\/wp\/v2\/media?parent=16009"}],"wp:term":[{"taxonomy":"product_brand","embeddable":true,"href":"https:\/\/uj.adatbank.ro\/lexikon\/wp-json\/wp\/v2\/product_brand?post=16009"},{"taxonomy":"product_cat","embeddable":true,"href":"https:\/\/uj.adatbank.ro\/lexikon\/wp-json\/wp\/v2\/product_cat?post=16009"},{"taxonomy":"product_tag","embeddable":true,"href":"https:\/\/uj.adatbank.ro\/lexikon\/wp-json\/wp\/v2\/product_tag?post=16009"}],"curies":[{"name":"wp","href":"https:\/\/api.w.org\/{rel}","templated":true}]}}