{"id":1601,"date":"2025-06-28T11:47:09","date_gmt":"2025-06-28T09:47:09","guid":{"rendered":"https:\/\/uj.adatbank.ro\/lexikon\/termek\/adorjan-erzsebet\/"},"modified":"2025-06-28T11:47:09","modified_gmt":"2025-06-28T09:47:09","slug":"adorjan-erzsebet","status":"publish","type":"product","link":"https:\/\/uj.adatbank.ro\/lexikon\/termek\/adorjan-erzsebet\/","title":{"rendered":"ADORJ\u00c1N Erzs\u00e9bet"},"content":{"rendered":"<p>Dics\u0151szentm\u00e1rton, 1932. szept.4., \u2020 ? : orvos. \u2013 Mv.-en magyar le\u00e1nyl\u00edc.-ban \u00e9retts\u00e9gizett \u00e9s az MOGYE orvos kar\u00e1n v\u00e9gzett. Els\u0151 munkahelye C\u0103rbune\u0219ti (Craiova), majd Magyarb\u00fckk\u00f6s\u00f6n volt k\u00f6rorvos. <br \/><strong>Irod.:<\/strong> MOGYE<\/br><\/p>\n","protected":false},"excerpt":{"rendered":"<p>Dics\u0151szentm\u00e1rton, 1932. szept.4., \u2020 ? : orvos. \u2013 Mv.-en magyar le\u00e1nyl\u00edc.-ban \u00e9retts\u00e9gizett \u00e9s az MOGYE orvos kar\u00e1n v\u00e9gzett. Els\u0151 munkahelye C\u0103rbune\u0219ti (Craiova), majd Magyarb\u00fckk\u00f6s\u00f6n volt k\u00f6rorvos. Irod.: MOGYE<\/p>\n","protected":false},"featured_media":0,"comment_status":"open","ping_status":"closed","template":"","meta":[],"product_brand":[],"product_cat":[137],"product_tag":[],"class_list":{"0":"post-1601","1":"product","2":"type-product","3":"status-publish","5":"product_cat-maros-megyei-eletrajzi-lexikon","7":"first","8":"instock","9":"shipping-taxable","10":"product-type-simple"},"_links":{"self":[{"href":"https:\/\/uj.adatbank.ro\/lexikon\/wp-json\/wp\/v2\/product\/1601","targetHints":{"allow":["GET"]}}],"collection":[{"href":"https:\/\/uj.adatbank.ro\/lexikon\/wp-json\/wp\/v2\/product"}],"about":[{"href":"https:\/\/uj.adatbank.ro\/lexikon\/wp-json\/wp\/v2\/types\/product"}],"replies":[{"embeddable":true,"href":"https:\/\/uj.adatbank.ro\/lexikon\/wp-json\/wp\/v2\/comments?post=1601"}],"wp:attachment":[{"href":"https:\/\/uj.adatbank.ro\/lexikon\/wp-json\/wp\/v2\/media?parent=1601"}],"wp:term":[{"taxonomy":"product_brand","embeddable":true,"href":"https:\/\/uj.adatbank.ro\/lexikon\/wp-json\/wp\/v2\/product_brand?post=1601"},{"taxonomy":"product_cat","embeddable":true,"href":"https:\/\/uj.adatbank.ro\/lexikon\/wp-json\/wp\/v2\/product_cat?post=1601"},{"taxonomy":"product_tag","embeddable":true,"href":"https:\/\/uj.adatbank.ro\/lexikon\/wp-json\/wp\/v2\/product_tag?post=1601"}],"curies":[{"name":"wp","href":"https:\/\/api.w.org\/{rel}","templated":true}]}}