{"id":16012,"date":"2025-07-15T16:02:06","date_gmt":"2025-07-15T14:02:06","guid":{"rendered":"https:\/\/uj.adatbank.ro\/lexikon\/termek\/nagy-kovendi-csalad\/"},"modified":"2025-07-15T16:02:06","modified_gmt":"2025-07-15T14:02:06","slug":"nagy-kovendi-csalad","status":"publish","type":"product","link":"https:\/\/uj.adatbank.ro\/lexikon\/termek\/nagy-kovendi-csalad\/","title":{"rendered":"NAGY, k\u00f6vendi csal\u00e1d"},"content":{"rendered":"<p>N. P\u00e9ter nyert nemeslevelet B\u00e1thory G\u00e1bort\u00f3l (1609. febr. 16), Zsigmond \u00fcgyv\u00e9d Mv-n.; M\u00f3zses Aranyos sz\u00e9kben \u00e1rvasz\u00e9ki bir\u00f3, Tam\u00e1s t\u00f6rv\u00e9nysz\u00e9ki \u00fcln\u00f6k Torda v\u00e1rmegy\u00e9ben, Lajos ugyanott aljegyz\u0151, (mindny\u00e1jan 1848. k\u00f6r\u0171l). K\u00e1roly gr\u00f3f Kornis Elekn\u00e9 j\u00f3sz\u00e1gigazgat\u00f3ja, (meghalt 1860. oct. 1-\u00e9n). <br \/><strong>Irod.:<\/strong> Nagy Iv\u00e1n; P\u00e1lmay<\/br><\/p>\n","protected":false},"excerpt":{"rendered":"<p>N. P\u00e9ter nyert nemeslevelet B\u00e1thory G\u00e1bort\u00f3l (1609. febr. 16), Zsigmond \u00fcgyv\u00e9d Mv-n.; M\u00f3zses Aranyos sz\u00e9kben \u00e1rvasz\u00e9ki bir\u00f3, Tam\u00e1s t\u00f6rv\u00e9nysz\u00e9ki \u00fcln\u00f6k Torda v\u00e1rmegy\u00e9ben, Lajos ugyanott aljegyz\u0151, (mindny\u00e1jan 1848. k\u00f6r\u0171l). K\u00e1roly gr\u00f3f Kornis Elekn\u00e9 j\u00f3sz\u00e1gigazgat\u00f3ja, (meghalt 1860. oct. 1-\u00e9n). Irod.: Nagy Iv\u00e1n; P\u00e1lmay<\/p>\n","protected":false},"featured_media":0,"comment_status":"open","ping_status":"closed","template":"","meta":[],"product_brand":[],"product_cat":[137],"product_tag":[],"class_list":{"0":"post-16012","1":"product","2":"type-product","3":"status-publish","5":"product_cat-maros-megyei-eletrajzi-lexikon","7":"first","8":"instock","9":"shipping-taxable","10":"product-type-simple"},"_links":{"self":[{"href":"https:\/\/uj.adatbank.ro\/lexikon\/wp-json\/wp\/v2\/product\/16012","targetHints":{"allow":["GET"]}}],"collection":[{"href":"https:\/\/uj.adatbank.ro\/lexikon\/wp-json\/wp\/v2\/product"}],"about":[{"href":"https:\/\/uj.adatbank.ro\/lexikon\/wp-json\/wp\/v2\/types\/product"}],"replies":[{"embeddable":true,"href":"https:\/\/uj.adatbank.ro\/lexikon\/wp-json\/wp\/v2\/comments?post=16012"}],"wp:attachment":[{"href":"https:\/\/uj.adatbank.ro\/lexikon\/wp-json\/wp\/v2\/media?parent=16012"}],"wp:term":[{"taxonomy":"product_brand","embeddable":true,"href":"https:\/\/uj.adatbank.ro\/lexikon\/wp-json\/wp\/v2\/product_brand?post=16012"},{"taxonomy":"product_cat","embeddable":true,"href":"https:\/\/uj.adatbank.ro\/lexikon\/wp-json\/wp\/v2\/product_cat?post=16012"},{"taxonomy":"product_tag","embeddable":true,"href":"https:\/\/uj.adatbank.ro\/lexikon\/wp-json\/wp\/v2\/product_tag?post=16012"}],"curies":[{"name":"wp","href":"https:\/\/api.w.org\/{rel}","templated":true}]}}