{"id":1602,"date":"2025-06-28T11:47:13","date_gmt":"2025-06-28T09:47:13","guid":{"rendered":"https:\/\/uj.adatbank.ro\/lexikon\/termek\/adorjan-gabor\/"},"modified":"2025-06-28T11:47:13","modified_gmt":"2025-06-28T09:47:13","slug":"adorjan-gabor","status":"publish","type":"product","link":"https:\/\/uj.adatbank.ro\/lexikon\/termek\/adorjan-gabor\/","title":{"rendered":"ADORJ\u00c1N G\u00e1bor"},"content":{"rendered":"<p>?, \u2020 ? : mozib\u00e9rl\u0151. \u2013 Mv.-en volt mozib\u00e9rl\u0151 (1942). Thur\u00f3czi Gyula sz\u00ednigazgat\u00f3 t\u00e1rsulata j\u00e1tszott a teremben (1942. m\u00e1j. 1.\u2013). <br \/><strong>Irod.:<\/strong> Id\u0151t\u00e1r 3.<\/br><\/p>\n","protected":false},"excerpt":{"rendered":"<p>?, \u2020 ? : mozib\u00e9rl\u0151. \u2013 Mv.-en volt mozib\u00e9rl\u0151 (1942). Thur\u00f3czi Gyula sz\u00ednigazgat\u00f3 t\u00e1rsulata j\u00e1tszott a teremben (1942. m\u00e1j. 1.\u2013). Irod.: Id\u0151t\u00e1r 3.<\/p>\n","protected":false},"featured_media":0,"comment_status":"open","ping_status":"closed","template":"","meta":[],"product_brand":[],"product_cat":[137],"product_tag":[],"class_list":{"0":"post-1602","1":"product","2":"type-product","3":"status-publish","5":"product_cat-maros-megyei-eletrajzi-lexikon","7":"first","8":"instock","9":"shipping-taxable","10":"product-type-simple"},"_links":{"self":[{"href":"https:\/\/uj.adatbank.ro\/lexikon\/wp-json\/wp\/v2\/product\/1602","targetHints":{"allow":["GET"]}}],"collection":[{"href":"https:\/\/uj.adatbank.ro\/lexikon\/wp-json\/wp\/v2\/product"}],"about":[{"href":"https:\/\/uj.adatbank.ro\/lexikon\/wp-json\/wp\/v2\/types\/product"}],"replies":[{"embeddable":true,"href":"https:\/\/uj.adatbank.ro\/lexikon\/wp-json\/wp\/v2\/comments?post=1602"}],"wp:attachment":[{"href":"https:\/\/uj.adatbank.ro\/lexikon\/wp-json\/wp\/v2\/media?parent=1602"}],"wp:term":[{"taxonomy":"product_brand","embeddable":true,"href":"https:\/\/uj.adatbank.ro\/lexikon\/wp-json\/wp\/v2\/product_brand?post=1602"},{"taxonomy":"product_cat","embeddable":true,"href":"https:\/\/uj.adatbank.ro\/lexikon\/wp-json\/wp\/v2\/product_cat?post=1602"},{"taxonomy":"product_tag","embeddable":true,"href":"https:\/\/uj.adatbank.ro\/lexikon\/wp-json\/wp\/v2\/product_tag?post=1602"}],"curies":[{"name":"wp","href":"https:\/\/api.w.org\/{rel}","templated":true}]}}