{"id":16025,"date":"2025-07-15T16:02:32","date_gmt":"2025-07-15T14:02:32","guid":{"rendered":"https:\/\/uj.adatbank.ro\/lexikon\/termek\/nagy-rigmanyi-csalad\/"},"modified":"2025-07-15T16:02:32","modified_gmt":"2025-07-15T14:02:32","slug":"nagy-rigmanyi-csalad","status":"publish","type":"product","link":"https:\/\/uj.adatbank.ro\/lexikon\/termek\/nagy-rigmanyi-csalad\/","title":{"rendered":"NAGY, rigm\u00e1nyi csal\u00e1d"},"content":{"rendered":"<p>N. Boldizs\u00e1r nyert pixid\u00e1riusi levelet (gyalogoss\u00e1got) B\u00e1thory G\u00e1bort\u00f3l (1608. j\u00fan. 10.); N. Gy\u00f6rgy kapott nemeslevelet (1655). <br \/><strong>Irod.:<\/strong> P\u00e1lmay<\/br><\/p>\n","protected":false},"excerpt":{"rendered":"<p>N. Boldizs\u00e1r nyert pixid\u00e1riusi levelet (gyalogoss\u00e1got) B\u00e1thory G\u00e1bort\u00f3l (1608. j\u00fan. 10.); N. Gy\u00f6rgy kapott nemeslevelet (1655). Irod.: P\u00e1lmay<\/p>\n","protected":false},"featured_media":0,"comment_status":"open","ping_status":"closed","template":"","meta":[],"product_brand":[],"product_cat":[137],"product_tag":[],"class_list":{"0":"post-16025","1":"product","2":"type-product","3":"status-publish","5":"product_cat-maros-megyei-eletrajzi-lexikon","7":"first","8":"instock","9":"shipping-taxable","10":"product-type-simple"},"_links":{"self":[{"href":"https:\/\/uj.adatbank.ro\/lexikon\/wp-json\/wp\/v2\/product\/16025","targetHints":{"allow":["GET"]}}],"collection":[{"href":"https:\/\/uj.adatbank.ro\/lexikon\/wp-json\/wp\/v2\/product"}],"about":[{"href":"https:\/\/uj.adatbank.ro\/lexikon\/wp-json\/wp\/v2\/types\/product"}],"replies":[{"embeddable":true,"href":"https:\/\/uj.adatbank.ro\/lexikon\/wp-json\/wp\/v2\/comments?post=16025"}],"wp:attachment":[{"href":"https:\/\/uj.adatbank.ro\/lexikon\/wp-json\/wp\/v2\/media?parent=16025"}],"wp:term":[{"taxonomy":"product_brand","embeddable":true,"href":"https:\/\/uj.adatbank.ro\/lexikon\/wp-json\/wp\/v2\/product_brand?post=16025"},{"taxonomy":"product_cat","embeddable":true,"href":"https:\/\/uj.adatbank.ro\/lexikon\/wp-json\/wp\/v2\/product_cat?post=16025"},{"taxonomy":"product_tag","embeddable":true,"href":"https:\/\/uj.adatbank.ro\/lexikon\/wp-json\/wp\/v2\/product_tag?post=16025"}],"curies":[{"name":"wp","href":"https:\/\/api.w.org\/{rel}","templated":true}]}}