{"id":16026,"date":"2025-07-15T16:02:33","date_gmt":"2025-07-15T14:02:33","guid":{"rendered":"https:\/\/uj.adatbank.ro\/lexikon\/termek\/nagy-sarosberkeszi-csalad\/"},"modified":"2025-07-15T16:02:33","modified_gmt":"2025-07-15T14:02:33","slug":"nagy-sarosberkeszi-csalad","status":"publish","type":"product","link":"https:\/\/uj.adatbank.ro\/lexikon\/termek\/nagy-sarosberkeszi-csalad\/","title":{"rendered":"NAGY, s\u00e1rosberkeszi csal\u00e1d"},"content":{"rendered":"<p>N. Istv\u00e1n \u00e9s Sebesty\u00e9n nyertek c\u00edmeres nemeslevelet Apaffy Mih\u00e1lyt\u00f3l (1664. febr. 2.); J\u00e1nos kir. t\u00e1blai \u00fcgyv\u00e9d Mv. (1848-ig). Val\u00f3szin\u0171leg e csal\u00e1d ivad\u00e9kai Nagy Istv\u00e1n, kinek \u00f6zvegye D\u00e9nes Rebeka, \u00e9s Nagy Antal, kinek \u00f6r\u00f6k\u00f6sei berkeszi birtokosok voltak. <br \/><strong>Irod.:<\/strong> Nagy Iv\u00e1n; P\u00e1lmay<\/br><\/p>\n","protected":false},"excerpt":{"rendered":"<p>N. Istv\u00e1n \u00e9s Sebesty\u00e9n nyertek c\u00edmeres nemeslevelet Apaffy Mih\u00e1lyt\u00f3l (1664. febr. 2.); J\u00e1nos kir. t\u00e1blai \u00fcgyv\u00e9d Mv. (1848-ig). Val\u00f3szin\u0171leg e csal\u00e1d ivad\u00e9kai Nagy Istv\u00e1n, kinek \u00f6zvegye D\u00e9nes Rebeka, \u00e9s Nagy Antal, kinek \u00f6r\u00f6k\u00f6sei berkeszi birtokosok voltak. Irod.: Nagy Iv\u00e1n; P\u00e1lmay<\/p>\n","protected":false},"featured_media":0,"comment_status":"open","ping_status":"closed","template":"","meta":[],"product_brand":[],"product_cat":[137],"product_tag":[],"class_list":{"0":"post-16026","1":"product","2":"type-product","3":"status-publish","5":"product_cat-maros-megyei-eletrajzi-lexikon","7":"first","8":"instock","9":"shipping-taxable","10":"product-type-simple"},"_links":{"self":[{"href":"https:\/\/uj.adatbank.ro\/lexikon\/wp-json\/wp\/v2\/product\/16026","targetHints":{"allow":["GET"]}}],"collection":[{"href":"https:\/\/uj.adatbank.ro\/lexikon\/wp-json\/wp\/v2\/product"}],"about":[{"href":"https:\/\/uj.adatbank.ro\/lexikon\/wp-json\/wp\/v2\/types\/product"}],"replies":[{"embeddable":true,"href":"https:\/\/uj.adatbank.ro\/lexikon\/wp-json\/wp\/v2\/comments?post=16026"}],"wp:attachment":[{"href":"https:\/\/uj.adatbank.ro\/lexikon\/wp-json\/wp\/v2\/media?parent=16026"}],"wp:term":[{"taxonomy":"product_brand","embeddable":true,"href":"https:\/\/uj.adatbank.ro\/lexikon\/wp-json\/wp\/v2\/product_brand?post=16026"},{"taxonomy":"product_cat","embeddable":true,"href":"https:\/\/uj.adatbank.ro\/lexikon\/wp-json\/wp\/v2\/product_cat?post=16026"},{"taxonomy":"product_tag","embeddable":true,"href":"https:\/\/uj.adatbank.ro\/lexikon\/wp-json\/wp\/v2\/product_tag?post=16026"}],"curies":[{"name":"wp","href":"https:\/\/api.w.org\/{rel}","templated":true}]}}