{"id":16027,"date":"2025-07-15T16:02:35","date_gmt":"2025-07-15T14:02:35","guid":{"rendered":"https:\/\/uj.adatbank.ro\/lexikon\/termek\/nagy-sarpataki-csalad\/"},"modified":"2025-07-15T16:02:35","modified_gmt":"2025-07-15T14:02:35","slug":"nagy-sarpataki-csalad","status":"publish","type":"product","link":"https:\/\/uj.adatbank.ro\/lexikon\/termek\/nagy-sarpataki-csalad\/","title":{"rendered":"NAGY, s\u00e1rpataki csal\u00e1d"},"content":{"rendered":"<p>C\u00edmeres levelet Bethlen G\u00e1bort\u00f3l (1616. nov. 28.) N. Istv\u00e1n nyert; Nemess\u00e9g\u00e9t 1649.ben igazolta; E csal\u00e1db\u00f3l Ferenc kir. t\u00e1blai \u00fcgyv\u00e9d Mv. ( 1845. k\u00f6r\u0171l.) J\u00e1nos ugyanaz (1848-ig). C\u00edmerpecs\u00e9t a gr. Teleki-lev\u00e9lt\u00e1rban Mv.. <br \/><strong>Irod.:<\/strong> Kempelen; Nagy Iv\u00e1n<\/br><\/p>\n","protected":false},"excerpt":{"rendered":"<p>C\u00edmeres levelet Bethlen G\u00e1bort\u00f3l (1616. nov. 28.) N. Istv\u00e1n nyert; Nemess\u00e9g\u00e9t 1649.ben igazolta; E csal\u00e1db\u00f3l Ferenc kir. t\u00e1blai \u00fcgyv\u00e9d Mv. ( 1845. k\u00f6r\u0171l.) J\u00e1nos ugyanaz (1848-ig). C\u00edmerpecs\u00e9t a gr. Teleki-lev\u00e9lt\u00e1rban Mv.. Irod.: Kempelen; Nagy Iv\u00e1n<\/p>\n","protected":false},"featured_media":0,"comment_status":"open","ping_status":"closed","template":"","meta":[],"product_brand":[],"product_cat":[137],"product_tag":[],"class_list":{"0":"post-16027","1":"product","2":"type-product","3":"status-publish","5":"product_cat-maros-megyei-eletrajzi-lexikon","7":"first","8":"instock","9":"shipping-taxable","10":"product-type-simple"},"_links":{"self":[{"href":"https:\/\/uj.adatbank.ro\/lexikon\/wp-json\/wp\/v2\/product\/16027","targetHints":{"allow":["GET"]}}],"collection":[{"href":"https:\/\/uj.adatbank.ro\/lexikon\/wp-json\/wp\/v2\/product"}],"about":[{"href":"https:\/\/uj.adatbank.ro\/lexikon\/wp-json\/wp\/v2\/types\/product"}],"replies":[{"embeddable":true,"href":"https:\/\/uj.adatbank.ro\/lexikon\/wp-json\/wp\/v2\/comments?post=16027"}],"wp:attachment":[{"href":"https:\/\/uj.adatbank.ro\/lexikon\/wp-json\/wp\/v2\/media?parent=16027"}],"wp:term":[{"taxonomy":"product_brand","embeddable":true,"href":"https:\/\/uj.adatbank.ro\/lexikon\/wp-json\/wp\/v2\/product_brand?post=16027"},{"taxonomy":"product_cat","embeddable":true,"href":"https:\/\/uj.adatbank.ro\/lexikon\/wp-json\/wp\/v2\/product_cat?post=16027"},{"taxonomy":"product_tag","embeddable":true,"href":"https:\/\/uj.adatbank.ro\/lexikon\/wp-json\/wp\/v2\/product_tag?post=16027"}],"curies":[{"name":"wp","href":"https:\/\/api.w.org\/{rel}","templated":true}]}}