{"id":1603,"date":"2025-06-28T11:47:16","date_gmt":"2025-06-28T09:47:16","guid":{"rendered":"https:\/\/uj.adatbank.ro\/lexikon\/termek\/adorjan-gabor-adorjani-gabor\/"},"modified":"2025-06-28T11:47:16","modified_gmt":"2025-06-28T09:47:16","slug":"adorjan-gabor-adorjani-gabor","status":"publish","type":"product","link":"https:\/\/uj.adatbank.ro\/lexikon\/termek\/adorjan-gabor-adorjani-gabor\/","title":{"rendered":"ADORJ\u00c1N G\u00e1bor, Adorj\u00e1ni G\u00e1bor"},"content":{"rendered":"<p>H\u00e9jjasfalva,1892.,\u2020 Mv., 1958. \u00e1pr. 4.: tan\u00e1r, ref. lelk\u00e9sz (eln\u00f6k). \u2013 A. L\u00e1szl\u00f3, h\u00e9jjasfalvi ref. lelk\u00e9sz \u00e9s Horv\u00e1th Cecilia fia. Feles\u00e9ge: Bertalan Erzs\u00e9bet (1894\u20131971). \u2013 K\u00f6z\u00e9piskol\u00e1it Sz\u00e9kelyudvarhelyen, az egyetemet a matematikai \u00e9s term\u00e9szettudom\u00e1nyi fakult\u00e1son Kv.-on v\u00e9gezte. P\u00e1lyafut\u00e1s\u00e1t Sepsiszentgy\u00f6rgy\u00f6n kezdte, mint a Ref. Koll. mat. tan\u00e1ra (1915\u201323), itt \u00fajj\u00e1szervezte az iskol\u00e1t. Kv-on a Ref. Koll.-ba ker\u00fclt mat. tan\u00e1rnak (1923\u201325). Id\u0151k\u00f6zben a ref. teol\u00f3gi\u00e1t is elv\u00e9gezte Kv.-on. Makkai p\u00fcsp\u00f6k szentelte papp\u00e1 (1926). Dics\u0151szentm\u00e1rtonban lett lelk\u00e9sz (1925\u201336), ahol v\u00e1rosi tan\u00e1csos, a MP int\u00e9z\u0151bizotts\u00e1g\u00e1nak tagja, a v\u00e1rosi MP aleln\u00f6ke, a ref. dal\u00e1rd\u00e1k d\u00edszeln\u00f6ke \u00e9s \u00fcgyvezet\u0151je, egyh\u00e1zmegyei tan\u00e1csos \u00e9s a kisk\u00fck\u00fcll\u0151i egyh\u00e1zmegye tanfel\u00fcgyel\u0151je. B\u00edr\u00f3 Andr\u00e1s ut\u00f3dak\u00e9nt megh\u00edvt\u00e1k a mv.-i Gecse utcai templomba, mint eln\u00f6k lelk\u00e9sz teljes\u00edtette hivat\u00e1s\u00e1t (1937. jan. 11. \u2013 1958). Mv.-en a rend, fegyelem \u00e9s a magyar javak biztons\u00e1g\u00e1t fel\u00fcgyel\u0151 Rendfenntart\u00f3 Bizotts\u00e1g egyik tagja (1940\u2013). Vall\u00e1stan\u00e1r volt a mv.-i M. Kir. lami Tan\u00edt\u00f3k\u00e9pz\u0151 Int\u00e9zetben (1941\u201344), majd az \u00c1llami Tan\u00edt\u00f3k\u00e9pz\u0151 Int\u00e9zetben (1944\u201348). Fel\u00e9p\u00edtette a Gecse utcai par\u00f3ki\u00e1t, amely mag\u00e1ba foglalta a papi lak\u00e1st, az egyh\u00e1zi irod\u00e1t, \u00e9s a misszi\u00f3s c\u00e9lokat szolg\u00e1l\u00f3 gy\u00fclekezeti termet. (Az \u00e9p\u00edtkez\u00e9st Farkas J\u00f3zsef vezette, az asztalos munk\u00e1kat Lakatos Gyula asztalosmester, a b\u00e1dogos munk\u00e1latokat F\u00fcl\u00f6p S\u00e1ndor v\u00e9gezte.) T\u00edz\u00e9ves tan\u00e1ri \u00e9s 33 \u00e9vi lelk\u00e9szi tev\u00e9kenys\u00e9g\u00e9b\u0151l 21 \u00e9vet a mv.-i Gecse utcai gy\u00fclekezetben t\u00f6lt\u00f6tt. R\u00e9szt vett t\u00f6bb egyh\u00e1zi \u00e9s kultur\u00e1lis egyes\u00fclet vezet\u00e9s\u00e9ben. \u2013 <strong>F. m.:<\/strong> Kereszt (Kv., 1930); Istenes v\u00e9n ember (Kv., 1930); K\u00e1rolyi G\u00e1sp\u00e1r eml\u00e9kezete (?). <br \/><strong>Irod.:<\/strong> Akik im\u00e1dkoztak; Bartos 2012; Berekm\u00e9ri 2015; Cs\u00e1ky; F\u00fcl\u00f6p G. D\u00e9nes: Asztali besz\u00e9lget\u00e9sek \u2013 n\u00e9hai Mester Istv\u00e1n v\u00e1rtemplomi lelkip\u00e1sztorral (\u00daj Kezdet, 5. sz., 2001. m\u00e1j.); Farcz\u00e1dy; Guly\u00e1s; Id\u0151t\u00e1r 3; Ki kicsoda?; A mv.-i ref. egyh\u00e1z (1727\u2013) anyak\u00f6nyve [k\u00e9zirat]; Szab\u00f3 K. Attila; Sz\u00e9kelyf\u00f6ld \u00ed. k.; V\u00e1rtemplomi lelk\u00e9szek n\u00e9vsora, 1571\u20132000 (\u00daj Kezdet, 2. sz., 2000)<\/br><\/p>\n","protected":false},"excerpt":{"rendered":"<p>H\u00e9jjasfalva,1892.,\u2020 Mv., 1958. \u00e1pr. 4.: tan\u00e1r, ref. lelk\u00e9sz (eln\u00f6k). \u2013 A. L\u00e1szl\u00f3, h\u00e9jjasfalvi ref. lelk\u00e9sz \u00e9s Horv\u00e1th Cecilia fia. Feles\u00e9ge: Bertalan Erzs\u00e9bet (1894\u20131971). \u2013 K\u00f6z\u00e9piskol\u00e1it Sz\u00e9kelyudvarhelyen, az egyetemet a matematikai \u00e9s term\u00e9szettudom\u00e1nyi fakult\u00e1son Kv.-on v\u00e9gezte. P\u00e1lyafut\u00e1s\u00e1t Sepsiszentgy\u00f6rgy\u00f6n kezdte, mint a Ref. Koll. mat. tan\u00e1ra (1915\u201323), itt \u00fajj\u00e1szervezte az iskol\u00e1t. Kv-on a Ref. Koll.-ba ker\u00fclt mat. [&hellip;]<\/p>\n","protected":false},"featured_media":0,"comment_status":"open","ping_status":"closed","template":"","meta":[],"product_brand":[],"product_cat":[137],"product_tag":[],"class_list":{"0":"post-1603","1":"product","2":"type-product","3":"status-publish","5":"product_cat-maros-megyei-eletrajzi-lexikon","7":"first","8":"instock","9":"shipping-taxable","10":"product-type-simple"},"_links":{"self":[{"href":"https:\/\/uj.adatbank.ro\/lexikon\/wp-json\/wp\/v2\/product\/1603","targetHints":{"allow":["GET"]}}],"collection":[{"href":"https:\/\/uj.adatbank.ro\/lexikon\/wp-json\/wp\/v2\/product"}],"about":[{"href":"https:\/\/uj.adatbank.ro\/lexikon\/wp-json\/wp\/v2\/types\/product"}],"replies":[{"embeddable":true,"href":"https:\/\/uj.adatbank.ro\/lexikon\/wp-json\/wp\/v2\/comments?post=1603"}],"wp:attachment":[{"href":"https:\/\/uj.adatbank.ro\/lexikon\/wp-json\/wp\/v2\/media?parent=1603"}],"wp:term":[{"taxonomy":"product_brand","embeddable":true,"href":"https:\/\/uj.adatbank.ro\/lexikon\/wp-json\/wp\/v2\/product_brand?post=1603"},{"taxonomy":"product_cat","embeddable":true,"href":"https:\/\/uj.adatbank.ro\/lexikon\/wp-json\/wp\/v2\/product_cat?post=1603"},{"taxonomy":"product_tag","embeddable":true,"href":"https:\/\/uj.adatbank.ro\/lexikon\/wp-json\/wp\/v2\/product_tag?post=1603"}],"curies":[{"name":"wp","href":"https:\/\/api.w.org\/{rel}","templated":true}]}}