{"id":16036,"date":"2025-07-15T16:02:48","date_gmt":"2025-07-15T14:02:48","guid":{"rendered":"https:\/\/uj.adatbank.ro\/lexikon\/termek\/nagy-vadadi-csalad\/"},"modified":"2025-07-15T16:02:48","modified_gmt":"2025-07-15T14:02:48","slug":"nagy-vadadi-csalad","status":"publish","type":"product","link":"https:\/\/uj.adatbank.ro\/lexikon\/termek\/nagy-vadadi-csalad\/","title":{"rendered":"NAGY, vadadi csal\u00e1d"},"content":{"rendered":"<p>Maros sz\u00e9ki sz\u00e9kely csal\u00e1d, hol D\u00e1niel t\u00f6rv\u00e9nysz\u00e9ki \u00fcln\u00f6k (1815), Benedek ugyanaz (1837), Lajos dull\u00f3 (1848). C\u00edmerpecs\u00e9t a gr. Teleki-lev\u00e9lt\u00e1rban Mv. <br \/><strong>Irod.:<\/strong> Kempelen, Nagy Iv\u00e1n<\/br><\/p>\n","protected":false},"excerpt":{"rendered":"<p>Maros sz\u00e9ki sz\u00e9kely csal\u00e1d, hol D\u00e1niel t\u00f6rv\u00e9nysz\u00e9ki \u00fcln\u00f6k (1815), Benedek ugyanaz (1837), Lajos dull\u00f3 (1848). C\u00edmerpecs\u00e9t a gr. Teleki-lev\u00e9lt\u00e1rban Mv. Irod.: Kempelen, Nagy Iv\u00e1n<\/p>\n","protected":false},"featured_media":0,"comment_status":"open","ping_status":"closed","template":"","meta":[],"product_brand":[],"product_cat":[137],"product_tag":[],"class_list":{"0":"post-16036","1":"product","2":"type-product","3":"status-publish","5":"product_cat-maros-megyei-eletrajzi-lexikon","7":"first","8":"instock","9":"shipping-taxable","10":"product-type-simple"},"_links":{"self":[{"href":"https:\/\/uj.adatbank.ro\/lexikon\/wp-json\/wp\/v2\/product\/16036","targetHints":{"allow":["GET"]}}],"collection":[{"href":"https:\/\/uj.adatbank.ro\/lexikon\/wp-json\/wp\/v2\/product"}],"about":[{"href":"https:\/\/uj.adatbank.ro\/lexikon\/wp-json\/wp\/v2\/types\/product"}],"replies":[{"embeddable":true,"href":"https:\/\/uj.adatbank.ro\/lexikon\/wp-json\/wp\/v2\/comments?post=16036"}],"wp:attachment":[{"href":"https:\/\/uj.adatbank.ro\/lexikon\/wp-json\/wp\/v2\/media?parent=16036"}],"wp:term":[{"taxonomy":"product_brand","embeddable":true,"href":"https:\/\/uj.adatbank.ro\/lexikon\/wp-json\/wp\/v2\/product_brand?post=16036"},{"taxonomy":"product_cat","embeddable":true,"href":"https:\/\/uj.adatbank.ro\/lexikon\/wp-json\/wp\/v2\/product_cat?post=16036"},{"taxonomy":"product_tag","embeddable":true,"href":"https:\/\/uj.adatbank.ro\/lexikon\/wp-json\/wp\/v2\/product_tag?post=16036"}],"curies":[{"name":"wp","href":"https:\/\/api.w.org\/{rel}","templated":true}]}}