{"id":16039,"date":"2025-07-15T16:02:52","date_gmt":"2025-07-15T14:02:52","guid":{"rendered":"https:\/\/uj.adatbank.ro\/lexikon\/termek\/nagy-akos\/"},"modified":"2025-07-15T16:02:52","modified_gmt":"2025-07-15T14:02:52","slug":"nagy-akos","status":"publish","type":"product","link":"https:\/\/uj.adatbank.ro\/lexikon\/termek\/nagy-akos\/","title":{"rendered":"NAGY \u00c1kos"},"content":{"rendered":"<p>Mv., 1914. m\u00e1j. 10., \u2020 Zabi\u00e9, 1944. aug. 16.: honv\u00e9d. \u2013 Nagy R\u00f3z\u00e1lia fia. 57. gyalogezred v. 27\/ III. z\u00e1szl\u00f3alj tartal\u00e9kos honv\u00e9d, k\u00e9tszeres sebes\u00fcl\u00e9s ut\u00e1n halt. <br \/><strong>Irod.:<\/strong> Berekm\u00e9ri 2015<\/br><\/p>\n","protected":false},"excerpt":{"rendered":"<p>Mv., 1914. m\u00e1j. 10., \u2020 Zabi\u00e9, 1944. aug. 16.: honv\u00e9d. \u2013 Nagy R\u00f3z\u00e1lia fia. 57. gyalogezred v. 27\/ III. z\u00e1szl\u00f3alj tartal\u00e9kos honv\u00e9d, k\u00e9tszeres sebes\u00fcl\u00e9s ut\u00e1n halt. Irod.: Berekm\u00e9ri 2015<\/p>\n","protected":false},"featured_media":0,"comment_status":"open","ping_status":"closed","template":"","meta":[],"product_brand":[],"product_cat":[137],"product_tag":[],"class_list":{"0":"post-16039","1":"product","2":"type-product","3":"status-publish","5":"product_cat-maros-megyei-eletrajzi-lexikon","7":"first","8":"instock","9":"shipping-taxable","10":"product-type-simple"},"_links":{"self":[{"href":"https:\/\/uj.adatbank.ro\/lexikon\/wp-json\/wp\/v2\/product\/16039","targetHints":{"allow":["GET"]}}],"collection":[{"href":"https:\/\/uj.adatbank.ro\/lexikon\/wp-json\/wp\/v2\/product"}],"about":[{"href":"https:\/\/uj.adatbank.ro\/lexikon\/wp-json\/wp\/v2\/types\/product"}],"replies":[{"embeddable":true,"href":"https:\/\/uj.adatbank.ro\/lexikon\/wp-json\/wp\/v2\/comments?post=16039"}],"wp:attachment":[{"href":"https:\/\/uj.adatbank.ro\/lexikon\/wp-json\/wp\/v2\/media?parent=16039"}],"wp:term":[{"taxonomy":"product_brand","embeddable":true,"href":"https:\/\/uj.adatbank.ro\/lexikon\/wp-json\/wp\/v2\/product_brand?post=16039"},{"taxonomy":"product_cat","embeddable":true,"href":"https:\/\/uj.adatbank.ro\/lexikon\/wp-json\/wp\/v2\/product_cat?post=16039"},{"taxonomy":"product_tag","embeddable":true,"href":"https:\/\/uj.adatbank.ro\/lexikon\/wp-json\/wp\/v2\/product_tag?post=16039"}],"curies":[{"name":"wp","href":"https:\/\/api.w.org\/{rel}","templated":true}]}}