{"id":16040,"date":"2025-07-15T16:02:53","date_gmt":"2025-07-15T14:02:53","guid":{"rendered":"https:\/\/uj.adatbank.ro\/lexikon\/termek\/nagy-albert\/"},"modified":"2025-07-15T16:02:53","modified_gmt":"2025-07-15T14:02:53","slug":"nagy-albert","status":"publish","type":"product","link":"https:\/\/uj.adatbank.ro\/lexikon\/termek\/nagy-albert\/","title":{"rendered":"NAGY Albert"},"content":{"rendered":"<p>1836.? \u2020 Mv., 1881. jan. 17.: sz\u0171cs. \u2013 Nagy S\u00e1muel \u00e9s Nagy Rebeka fia.Testv\u00e9re Nagy Mikl\u00f3s, petrozs\u00e9nyi \u00e1llami tan\u00edt\u00f3. Feles\u00e9ge: Dab\u00f3czi ?. <br \/><strong>Irod.:<\/strong> Gy\u00e1szjelent\u0151<\/br><\/p>\n","protected":false},"excerpt":{"rendered":"<p>1836.? \u2020 Mv., 1881. jan. 17.: sz\u0171cs. \u2013 Nagy S\u00e1muel \u00e9s Nagy Rebeka fia.Testv\u00e9re Nagy Mikl\u00f3s, petrozs\u00e9nyi \u00e1llami tan\u00edt\u00f3. Feles\u00e9ge: Dab\u00f3czi ?. Irod.: Gy\u00e1szjelent\u0151<\/p>\n","protected":false},"featured_media":0,"comment_status":"open","ping_status":"closed","template":"","meta":[],"product_brand":[],"product_cat":[137],"product_tag":[],"class_list":{"0":"post-16040","1":"product","2":"type-product","3":"status-publish","5":"product_cat-maros-megyei-eletrajzi-lexikon","7":"first","8":"instock","9":"shipping-taxable","10":"product-type-simple"},"_links":{"self":[{"href":"https:\/\/uj.adatbank.ro\/lexikon\/wp-json\/wp\/v2\/product\/16040","targetHints":{"allow":["GET"]}}],"collection":[{"href":"https:\/\/uj.adatbank.ro\/lexikon\/wp-json\/wp\/v2\/product"}],"about":[{"href":"https:\/\/uj.adatbank.ro\/lexikon\/wp-json\/wp\/v2\/types\/product"}],"replies":[{"embeddable":true,"href":"https:\/\/uj.adatbank.ro\/lexikon\/wp-json\/wp\/v2\/comments?post=16040"}],"wp:attachment":[{"href":"https:\/\/uj.adatbank.ro\/lexikon\/wp-json\/wp\/v2\/media?parent=16040"}],"wp:term":[{"taxonomy":"product_brand","embeddable":true,"href":"https:\/\/uj.adatbank.ro\/lexikon\/wp-json\/wp\/v2\/product_brand?post=16040"},{"taxonomy":"product_cat","embeddable":true,"href":"https:\/\/uj.adatbank.ro\/lexikon\/wp-json\/wp\/v2\/product_cat?post=16040"},{"taxonomy":"product_tag","embeddable":true,"href":"https:\/\/uj.adatbank.ro\/lexikon\/wp-json\/wp\/v2\/product_tag?post=16040"}],"curies":[{"name":"wp","href":"https:\/\/api.w.org\/{rel}","templated":true}]}}