{"id":16042,"date":"2025-07-15T16:02:56","date_gmt":"2025-07-15T14:02:56","guid":{"rendered":"https:\/\/uj.adatbank.ro\/lexikon\/termek\/nagy-albert-3\/"},"modified":"2025-07-15T16:02:56","modified_gmt":"2025-07-15T14:02:56","slug":"nagy-albert-3","status":"publish","type":"product","link":"https:\/\/uj.adatbank.ro\/lexikon\/termek\/nagy-albert-3\/","title":{"rendered":"NAGY Albert"},"content":{"rendered":"<p>Mez\u0151b\u00e1nd, 1861. okt. 24., \u2020 Backamadaras, 1941.: ref. lelk\u00e9sz. \u2013 Feles\u00e9ge: Gr\u00f6sszel M\u00e1ria (1866 \u2013 Mv., 1930. j\u00fal. 19.).Gyermekeik: N. Margit Szab\u00f3 J\u00f3zsefn\u00e9; N. Domokos, ref. lelk\u00e9sz \u00e9s N. Ilona. \u2013 Backamadarason szolg\u00e1lt 48 \u00e9vet (1885\u20131934). Els\u0151 t\u00e9nyked\u00e9se a templom torny\u00e1t pl\u00e9hhel bor\u00edtani (1885). \u00daj \u00e1llami isk.-t \u00e9s tan\u00edt\u00f3i lak\u00e1st \u00e9p\u00edtettek (1890). A presbit\u00e9rium szorgalmaz\u00e1s\u00e1ra \u00faj iskalapot hoztak l\u00e9tre (1897), majd fel\u00e9p\u00fclt az \u00faj ref. iskola is (1900). A kisharangot elvitt\u00e9k h\u00e1bor\u00fas c\u00e9lokra, ez\u00e9rt gy\u0171t\u00e9sb\u0151l \u00fajat rendeltek (1922), az jav\u00edt\u00e1sra szorult (m\u00e1r 1930). Az elesett h\u0151s\u00f6k eml\u00e9k\u00e9re m\u00e1rvanyt\u00e1bl\u00e1t avattak (1926. dec. 27). Olvas\u00f3 egyletet l\u00e9tes\u00edtettek, dal\u00e1rd\u00e1t szerveztek (1892\u2013), k\u00e9s\u0151bb l\u00e9treh\u00edvt\u00e1k a N\u0151sz\u00f6vets\u00e9get (1928). Rom\u00e1n tannyelv\u0171 iskola alakult (1924\u2013). <br \/><strong>Irod.:<\/strong> Backamadaras; Gy\u00e1szjelent\u0151<\/br><\/p>\n","protected":false},"excerpt":{"rendered":"<p>Mez\u0151b\u00e1nd, 1861. okt. 24., \u2020 Backamadaras, 1941.: ref. lelk\u00e9sz. \u2013 Feles\u00e9ge: Gr\u00f6sszel M\u00e1ria (1866 \u2013 Mv., 1930. j\u00fal. 19.).Gyermekeik: N. Margit Szab\u00f3 J\u00f3zsefn\u00e9; N. Domokos, ref. lelk\u00e9sz \u00e9s N. Ilona. \u2013 Backamadarason szolg\u00e1lt 48 \u00e9vet (1885\u20131934). Els\u0151 t\u00e9nyked\u00e9se a templom torny\u00e1t pl\u00e9hhel bor\u00edtani (1885). \u00daj \u00e1llami isk.-t \u00e9s tan\u00edt\u00f3i lak\u00e1st \u00e9p\u00edtettek (1890). A presbit\u00e9rium szorgalmaz\u00e1s\u00e1ra [&hellip;]<\/p>\n","protected":false},"featured_media":0,"comment_status":"open","ping_status":"closed","template":"","meta":[],"product_brand":[],"product_cat":[137],"product_tag":[],"class_list":{"0":"post-16042","1":"product","2":"type-product","3":"status-publish","5":"product_cat-maros-megyei-eletrajzi-lexikon","7":"first","8":"instock","9":"shipping-taxable","10":"product-type-simple"},"_links":{"self":[{"href":"https:\/\/uj.adatbank.ro\/lexikon\/wp-json\/wp\/v2\/product\/16042","targetHints":{"allow":["GET"]}}],"collection":[{"href":"https:\/\/uj.adatbank.ro\/lexikon\/wp-json\/wp\/v2\/product"}],"about":[{"href":"https:\/\/uj.adatbank.ro\/lexikon\/wp-json\/wp\/v2\/types\/product"}],"replies":[{"embeddable":true,"href":"https:\/\/uj.adatbank.ro\/lexikon\/wp-json\/wp\/v2\/comments?post=16042"}],"wp:attachment":[{"href":"https:\/\/uj.adatbank.ro\/lexikon\/wp-json\/wp\/v2\/media?parent=16042"}],"wp:term":[{"taxonomy":"product_brand","embeddable":true,"href":"https:\/\/uj.adatbank.ro\/lexikon\/wp-json\/wp\/v2\/product_brand?post=16042"},{"taxonomy":"product_cat","embeddable":true,"href":"https:\/\/uj.adatbank.ro\/lexikon\/wp-json\/wp\/v2\/product_cat?post=16042"},{"taxonomy":"product_tag","embeddable":true,"href":"https:\/\/uj.adatbank.ro\/lexikon\/wp-json\/wp\/v2\/product_tag?post=16042"}],"curies":[{"name":"wp","href":"https:\/\/api.w.org\/{rel}","templated":true}]}}