{"id":16043,"date":"2025-07-15T16:02:58","date_gmt":"2025-07-15T14:02:58","guid":{"rendered":"https:\/\/uj.adatbank.ro\/lexikon\/termek\/nagy-albert-4\/"},"modified":"2025-07-15T16:02:58","modified_gmt":"2025-07-15T14:02:58","slug":"nagy-albert-4","status":"publish","type":"product","link":"https:\/\/uj.adatbank.ro\/lexikon\/termek\/nagy-albert-4\/","title":{"rendered":"NAGY Albert"},"content":{"rendered":"<p>Mez\u0151cs\u00e1v\u00e1s, 1873., \u2020 ?: gazd\u00e1lkod\u00f3. \u2013 \u00d6n\u00e1ll\u00f3 gazda (1898\u2013) Mez\u0151cs\u00e1v\u00e1son, f\u00fcleg gabona f\u00e9l\u00e9ket termesztett. Kicsi Nagy Antalnak h\u00edvt\u00e1k a k\u00f6zs\u00e9gben. <br \/><strong>Irod.:<\/strong> Sz\u00e9kelyf\u00f6ld \u00ed.k.<\/br><\/p>\n","protected":false},"excerpt":{"rendered":"<p>Mez\u0151cs\u00e1v\u00e1s, 1873., \u2020 ?: gazd\u00e1lkod\u00f3. \u2013 \u00d6n\u00e1ll\u00f3 gazda (1898\u2013) Mez\u0151cs\u00e1v\u00e1son, f\u00fcleg gabona f\u00e9l\u00e9ket termesztett. Kicsi Nagy Antalnak h\u00edvt\u00e1k a k\u00f6zs\u00e9gben. Irod.: Sz\u00e9kelyf\u00f6ld \u00ed.k.<\/p>\n","protected":false},"featured_media":0,"comment_status":"open","ping_status":"closed","template":"","meta":[],"product_brand":[],"product_cat":[137],"product_tag":[],"class_list":{"0":"post-16043","1":"product","2":"type-product","3":"status-publish","5":"product_cat-maros-megyei-eletrajzi-lexikon","7":"first","8":"instock","9":"shipping-taxable","10":"product-type-simple"},"_links":{"self":[{"href":"https:\/\/uj.adatbank.ro\/lexikon\/wp-json\/wp\/v2\/product\/16043","targetHints":{"allow":["GET"]}}],"collection":[{"href":"https:\/\/uj.adatbank.ro\/lexikon\/wp-json\/wp\/v2\/product"}],"about":[{"href":"https:\/\/uj.adatbank.ro\/lexikon\/wp-json\/wp\/v2\/types\/product"}],"replies":[{"embeddable":true,"href":"https:\/\/uj.adatbank.ro\/lexikon\/wp-json\/wp\/v2\/comments?post=16043"}],"wp:attachment":[{"href":"https:\/\/uj.adatbank.ro\/lexikon\/wp-json\/wp\/v2\/media?parent=16043"}],"wp:term":[{"taxonomy":"product_brand","embeddable":true,"href":"https:\/\/uj.adatbank.ro\/lexikon\/wp-json\/wp\/v2\/product_brand?post=16043"},{"taxonomy":"product_cat","embeddable":true,"href":"https:\/\/uj.adatbank.ro\/lexikon\/wp-json\/wp\/v2\/product_cat?post=16043"},{"taxonomy":"product_tag","embeddable":true,"href":"https:\/\/uj.adatbank.ro\/lexikon\/wp-json\/wp\/v2\/product_tag?post=16043"}],"curies":[{"name":"wp","href":"https:\/\/api.w.org\/{rel}","templated":true}]}}