{"id":16044,"date":"2025-07-15T16:03:02","date_gmt":"2025-07-15T14:03:02","guid":{"rendered":"https:\/\/uj.adatbank.ro\/lexikon\/termek\/nagy-albert-5\/"},"modified":"2025-07-15T16:03:02","modified_gmt":"2025-07-15T14:03:02","slug":"nagy-albert-5","status":"publish","type":"product","link":"https:\/\/uj.adatbank.ro\/lexikon\/termek\/nagy-albert-5\/","title":{"rendered":"NAGY Albert"},"content":{"rendered":"<p>Dics\u0151szentm\u00e1rton, 1909. \u00e1pr. v. j\u00fal. 1., \u2020 ?: gy\u00f3gyszer\u00e9sz. \u2013 Gy\u00f3gyszer\u00e9sz oklevelet Szegeden kapott a FJTE-en (1931). <br \/><strong>Irod.:<\/strong> P\u00e9ter H. M.; P\u00e9ter H. M. 2013<\/br><\/p>\n","protected":false},"excerpt":{"rendered":"<p>Dics\u0151szentm\u00e1rton, 1909. \u00e1pr. v. j\u00fal. 1., \u2020 ?: gy\u00f3gyszer\u00e9sz. \u2013 Gy\u00f3gyszer\u00e9sz oklevelet Szegeden kapott a FJTE-en (1931). Irod.: P\u00e9ter H. M.; P\u00e9ter H. M. 2013<\/p>\n","protected":false},"featured_media":0,"comment_status":"open","ping_status":"closed","template":"","meta":[],"product_brand":[],"product_cat":[137],"product_tag":[],"class_list":{"0":"post-16044","1":"product","2":"type-product","3":"status-publish","5":"product_cat-maros-megyei-eletrajzi-lexikon","7":"first","8":"instock","9":"shipping-taxable","10":"product-type-simple"},"_links":{"self":[{"href":"https:\/\/uj.adatbank.ro\/lexikon\/wp-json\/wp\/v2\/product\/16044","targetHints":{"allow":["GET"]}}],"collection":[{"href":"https:\/\/uj.adatbank.ro\/lexikon\/wp-json\/wp\/v2\/product"}],"about":[{"href":"https:\/\/uj.adatbank.ro\/lexikon\/wp-json\/wp\/v2\/types\/product"}],"replies":[{"embeddable":true,"href":"https:\/\/uj.adatbank.ro\/lexikon\/wp-json\/wp\/v2\/comments?post=16044"}],"wp:attachment":[{"href":"https:\/\/uj.adatbank.ro\/lexikon\/wp-json\/wp\/v2\/media?parent=16044"}],"wp:term":[{"taxonomy":"product_brand","embeddable":true,"href":"https:\/\/uj.adatbank.ro\/lexikon\/wp-json\/wp\/v2\/product_brand?post=16044"},{"taxonomy":"product_cat","embeddable":true,"href":"https:\/\/uj.adatbank.ro\/lexikon\/wp-json\/wp\/v2\/product_cat?post=16044"},{"taxonomy":"product_tag","embeddable":true,"href":"https:\/\/uj.adatbank.ro\/lexikon\/wp-json\/wp\/v2\/product_tag?post=16044"}],"curies":[{"name":"wp","href":"https:\/\/api.w.org\/{rel}","templated":true}]}}