{"id":16047,"date":"2025-07-15T16:03:09","date_gmt":"2025-07-15T14:03:09","guid":{"rendered":"https:\/\/uj.adatbank.ro\/lexikon\/termek\/nagy-albert-muveszneve-beleznay\/"},"modified":"2025-07-15T16:03:09","modified_gmt":"2025-07-15T14:03:09","slug":"nagy-albert-muveszneve-beleznay","status":"publish","type":"product","link":"https:\/\/uj.adatbank.ro\/lexikon\/termek\/nagy-albert-muveszneve-beleznay\/","title":{"rendered":"NAGY Albert, m\u0171v\u00e9szneve Beleznay"},"content":{"rendered":"<p>Torda, 1902. okt. 5., \u2020 Kv., 1970. febr. 25.: fest\u0151m\u0171v\u00e9sz.. \u2013 Kv.-on az Unit\u00e1rius Koll\u00e9giumban \u00e9retts\u00e9gizett (1921). Budapesten a K\u00e9pz\u0151m\u0171v\u00e9szeti F\u0151iskol\u00e1n v\u00e9gzett (1926). Olaszorsz\u00e1gba \u00e9lt, Bp.-re t\u00e9rt vissza (1926\u201337), ki\u00e1ll\u00edtott a r\u00f3mai-magyar ki\u00e1ll\u00edt\u00e1son (1932). Kolozsv\u00e1ron az \u00f6ccs\u00e9n\u00e9l lakott (1941\u2013). L\u00e1szl\u00f3 Gyula t\u00f6rt\u00e9n\u00e9sz, k\u00e9pz\u0151m\u0171v\u00e9sz felismerte, m\u0171v\u00e9szeti nagys\u00e1g\u00e1t (1946). A MNSZ munk\u00e1sv\u00e9rtan\u00fa p\u00e1ly\u00e1zat\u00e1n I. d\u00edjat nyert (1948) J\u00f3zsa B\u00e9la \u2013festm\u00e9ny\u00e9vel bukaresti t\u00e1rlaton is bemutatkozott (1963). K\u00e9pei eljutottak Pekingbe, Phenjanba, Ulan Batorba, Moszkv\u00e1ba, Leningr\u00e1dba, ahol tanulm\u00e1ny\u00faton is volt.Visszat\u00e9rt \u00e9s Kv.-on, Mv.-en, Cs\u00edkszered\u00e1ban, Nagyv\u00e1radon voltak ki\u00e1ll\u00edt\u00e1sai (1968). Festm\u00e9nyei, rajzai, szobrai k\u00f6zgy\u0171jtem\u00e9nyekbe ker\u00fcltek. Jelent\u0151s gy\u0171jtem\u00e9nye van Mv.-en. Banner Zolt\u00e1n k\u00f6tete tev\u00e9kenys\u00e9g\u00e9r\u0151l: Nagy Albert R\u00f3zsika\u00e9des! <br \/><strong>Irod.:<\/strong> J\u00e1no Mih\u00e1ly: Embert keresek.Nagy Albert diogen\u00e9sz c. festm\u00e9nye h\u00e1tter\u00e9nek v\u00e1ltozatos kompendium\u00e1b\u00f3l a fest\u0151 sz\u00fclet\u00e9s\u00e9nek 90. \u00e9vfordul\u00f3j\u00e1ra; Korunk; Rom\u00e1niai magyar irodalmi lexikon, 4. k\u00f6t.; 1993.2.<\/br><\/p>\n","protected":false},"excerpt":{"rendered":"<p>Torda, 1902. okt. 5., \u2020 Kv., 1970. febr. 25.: fest\u0151m\u0171v\u00e9sz.. \u2013 Kv.-on az Unit\u00e1rius Koll\u00e9giumban \u00e9retts\u00e9gizett (1921). Budapesten a K\u00e9pz\u0151m\u0171v\u00e9szeti F\u0151iskol\u00e1n v\u00e9gzett (1926). Olaszorsz\u00e1gba \u00e9lt, Bp.-re t\u00e9rt vissza (1926\u201337), ki\u00e1ll\u00edtott a r\u00f3mai-magyar ki\u00e1ll\u00edt\u00e1son (1932). Kolozsv\u00e1ron az \u00f6ccs\u00e9n\u00e9l lakott (1941\u2013). L\u00e1szl\u00f3 Gyula t\u00f6rt\u00e9n\u00e9sz, k\u00e9pz\u0151m\u0171v\u00e9sz felismerte, m\u0171v\u00e9szeti nagys\u00e1g\u00e1t (1946). A MNSZ munk\u00e1sv\u00e9rtan\u00fa p\u00e1ly\u00e1zat\u00e1n I. d\u00edjat nyert (1948) [&hellip;]<\/p>\n","protected":false},"featured_media":0,"comment_status":"open","ping_status":"closed","template":"","meta":[],"product_brand":[],"product_cat":[137],"product_tag":[],"class_list":{"0":"post-16047","1":"product","2":"type-product","3":"status-publish","5":"product_cat-maros-megyei-eletrajzi-lexikon","7":"first","8":"instock","9":"shipping-taxable","10":"product-type-simple"},"_links":{"self":[{"href":"https:\/\/uj.adatbank.ro\/lexikon\/wp-json\/wp\/v2\/product\/16047","targetHints":{"allow":["GET"]}}],"collection":[{"href":"https:\/\/uj.adatbank.ro\/lexikon\/wp-json\/wp\/v2\/product"}],"about":[{"href":"https:\/\/uj.adatbank.ro\/lexikon\/wp-json\/wp\/v2\/types\/product"}],"replies":[{"embeddable":true,"href":"https:\/\/uj.adatbank.ro\/lexikon\/wp-json\/wp\/v2\/comments?post=16047"}],"wp:attachment":[{"href":"https:\/\/uj.adatbank.ro\/lexikon\/wp-json\/wp\/v2\/media?parent=16047"}],"wp:term":[{"taxonomy":"product_brand","embeddable":true,"href":"https:\/\/uj.adatbank.ro\/lexikon\/wp-json\/wp\/v2\/product_brand?post=16047"},{"taxonomy":"product_cat","embeddable":true,"href":"https:\/\/uj.adatbank.ro\/lexikon\/wp-json\/wp\/v2\/product_cat?post=16047"},{"taxonomy":"product_tag","embeddable":true,"href":"https:\/\/uj.adatbank.ro\/lexikon\/wp-json\/wp\/v2\/product_tag?post=16047"}],"curies":[{"name":"wp","href":"https:\/\/api.w.org\/{rel}","templated":true}]}}