{"id":16049,"date":"2025-07-15T16:03:14","date_gmt":"2025-07-15T14:03:14","guid":{"rendered":"https:\/\/uj.adatbank.ro\/lexikon\/termek\/nagy-albert-hosszumezoi\/"},"modified":"2025-07-15T16:03:14","modified_gmt":"2025-07-15T14:03:14","slug":"nagy-albert-hosszumezoi","status":"publish","type":"product","link":"https:\/\/uj.adatbank.ro\/lexikon\/termek\/nagy-albert-hosszumezoi\/","title":{"rendered":"NAGY Albert; hossz\u00famez\u0151i"},"content":{"rendered":"<p>1880., \u2020 ?: tan\u00edt\u00f3. \u2013 Tan\u00edt\u00f3i oklevel\u00e9nek elnyer\u00e9se ut\u00e1n Debrecen, Balmaz\u00fajv\u00e1ros, Dombegyh\u00e1za, Backamadaras ut\u00e1n Mez\u0151cs\u00e1v\u00e1son (1911\u201323; 1940\u2013) tan\u00edtott., majd iskolaigazgat\u00f3 lett. Az els\u0151 vh.-ban a 22. h. gy. ezredben teljes\u00edtett szolg\u00e1latot mint tizedes. A k\u00f6zs\u00e9gi tan\u00e1cs tagja, a ref. egyh\u00e1z presbitere \u00e9s gondnoka, minden kultur\u00e1lis \u00e9s hazafias egyes\u00fclet tagja. <br \/><strong>Irod.:<\/strong> Sz\u00e9kelyf\u00f6ld \u00ed.k.<\/br><\/p>\n","protected":false},"excerpt":{"rendered":"<p>1880., \u2020 ?: tan\u00edt\u00f3. \u2013 Tan\u00edt\u00f3i oklevel\u00e9nek elnyer\u00e9se ut\u00e1n Debrecen, Balmaz\u00fajv\u00e1ros, Dombegyh\u00e1za, Backamadaras ut\u00e1n Mez\u0151cs\u00e1v\u00e1son (1911\u201323; 1940\u2013) tan\u00edtott., majd iskolaigazgat\u00f3 lett. Az els\u0151 vh.-ban a 22. h. gy. ezredben teljes\u00edtett szolg\u00e1latot mint tizedes. A k\u00f6zs\u00e9gi tan\u00e1cs tagja, a ref. egyh\u00e1z presbitere \u00e9s gondnoka, minden kultur\u00e1lis \u00e9s hazafias egyes\u00fclet tagja. Irod.: Sz\u00e9kelyf\u00f6ld \u00ed.k.<\/p>\n","protected":false},"featured_media":0,"comment_status":"open","ping_status":"closed","template":"","meta":[],"product_brand":[],"product_cat":[137],"product_tag":[],"class_list":{"0":"post-16049","1":"product","2":"type-product","3":"status-publish","5":"product_cat-maros-megyei-eletrajzi-lexikon","7":"first","8":"instock","9":"shipping-taxable","10":"product-type-simple"},"_links":{"self":[{"href":"https:\/\/uj.adatbank.ro\/lexikon\/wp-json\/wp\/v2\/product\/16049","targetHints":{"allow":["GET"]}}],"collection":[{"href":"https:\/\/uj.adatbank.ro\/lexikon\/wp-json\/wp\/v2\/product"}],"about":[{"href":"https:\/\/uj.adatbank.ro\/lexikon\/wp-json\/wp\/v2\/types\/product"}],"replies":[{"embeddable":true,"href":"https:\/\/uj.adatbank.ro\/lexikon\/wp-json\/wp\/v2\/comments?post=16049"}],"wp:attachment":[{"href":"https:\/\/uj.adatbank.ro\/lexikon\/wp-json\/wp\/v2\/media?parent=16049"}],"wp:term":[{"taxonomy":"product_brand","embeddable":true,"href":"https:\/\/uj.adatbank.ro\/lexikon\/wp-json\/wp\/v2\/product_brand?post=16049"},{"taxonomy":"product_cat","embeddable":true,"href":"https:\/\/uj.adatbank.ro\/lexikon\/wp-json\/wp\/v2\/product_cat?post=16049"},{"taxonomy":"product_tag","embeddable":true,"href":"https:\/\/uj.adatbank.ro\/lexikon\/wp-json\/wp\/v2\/product_tag?post=16049"}],"curies":[{"name":"wp","href":"https:\/\/api.w.org\/{rel}","templated":true}]}}