{"id":1605,"date":"2025-06-28T11:47:21","date_gmt":"2025-06-28T09:47:21","guid":{"rendered":"https:\/\/uj.adatbank.ro\/lexikon\/termek\/adorjan-gyorgy-2\/"},"modified":"2025-06-28T11:47:21","modified_gmt":"2025-06-28T09:47:21","slug":"adorjan-gyorgy-2","status":"publish","type":"product","link":"https:\/\/uj.adatbank.ro\/lexikon\/termek\/adorjan-gyorgy-2\/","title":{"rendered":"ADORJ\u00c1N Gy\u00f6rgy"},"content":{"rendered":"<p>Sz\u0151kefalva, 1914. \u00e1pr. 22., \u2020 Krzywor\u00f3wnia, 1944. j\u00fal.8.: honv\u00e9d. \u2013 Anyja: Gvid\u00f3 Ilona. \u2013 Kos\u00f3wn\u00e1l s\u00falyosan megsebes\u00fclt (1944. j\u00fal.7.) \u00e9s meghalt. <br \/><strong>Irod.:<\/strong> Berekm\u00e9ri 2015<\/br><\/p>\n","protected":false},"excerpt":{"rendered":"<p>Sz\u0151kefalva, 1914. \u00e1pr. 22., \u2020 Krzywor\u00f3wnia, 1944. j\u00fal.8.: honv\u00e9d. \u2013 Anyja: Gvid\u00f3 Ilona. \u2013 Kos\u00f3wn\u00e1l s\u00falyosan megsebes\u00fclt (1944. j\u00fal.7.) \u00e9s meghalt. Irod.: Berekm\u00e9ri 2015<\/p>\n","protected":false},"featured_media":0,"comment_status":"open","ping_status":"closed","template":"","meta":[],"product_brand":[],"product_cat":[137],"product_tag":[],"class_list":{"0":"post-1605","1":"product","2":"type-product","3":"status-publish","5":"product_cat-maros-megyei-eletrajzi-lexikon","7":"first","8":"instock","9":"shipping-taxable","10":"product-type-simple"},"_links":{"self":[{"href":"https:\/\/uj.adatbank.ro\/lexikon\/wp-json\/wp\/v2\/product\/1605","targetHints":{"allow":["GET"]}}],"collection":[{"href":"https:\/\/uj.adatbank.ro\/lexikon\/wp-json\/wp\/v2\/product"}],"about":[{"href":"https:\/\/uj.adatbank.ro\/lexikon\/wp-json\/wp\/v2\/types\/product"}],"replies":[{"embeddable":true,"href":"https:\/\/uj.adatbank.ro\/lexikon\/wp-json\/wp\/v2\/comments?post=1605"}],"wp:attachment":[{"href":"https:\/\/uj.adatbank.ro\/lexikon\/wp-json\/wp\/v2\/media?parent=1605"}],"wp:term":[{"taxonomy":"product_brand","embeddable":true,"href":"https:\/\/uj.adatbank.ro\/lexikon\/wp-json\/wp\/v2\/product_brand?post=1605"},{"taxonomy":"product_cat","embeddable":true,"href":"https:\/\/uj.adatbank.ro\/lexikon\/wp-json\/wp\/v2\/product_cat?post=1605"},{"taxonomy":"product_tag","embeddable":true,"href":"https:\/\/uj.adatbank.ro\/lexikon\/wp-json\/wp\/v2\/product_tag?post=1605"}],"curies":[{"name":"wp","href":"https:\/\/api.w.org\/{rel}","templated":true}]}}