{"id":16052,"date":"2025-07-15T16:03:23","date_gmt":"2025-07-15T14:03:23","guid":{"rendered":"https:\/\/uj.adatbank.ro\/lexikon\/termek\/nagy-ambrus-2\/"},"modified":"2025-07-15T16:03:23","modified_gmt":"2025-07-15T14:03:23","slug":"nagy-ambrus-2","status":"publish","type":"product","link":"https:\/\/uj.adatbank.ro\/lexikon\/termek\/nagy-ambrus-2\/","title":{"rendered":"NAGY Ambrus"},"content":{"rendered":"<p>? \u2020 ?: d\u00e9dai tan\u00edt\u00f3 (1869-ben). <br \/><strong>Irod.:<\/strong> A mo.-i n\u00e9ptan\u00edt\u00f3k 1869 aug. 20\u201323 \u2013\u00e1n Bp.-en tartott negyedik egyetemes gy\u0171l\u00e9s\u00e9nek napl\u00f3ja (Bp., 1891)<\/br><\/p>\n","protected":false},"excerpt":{"rendered":"<p>? \u2020 ?: d\u00e9dai tan\u00edt\u00f3 (1869-ben). Irod.: A mo.-i n\u00e9ptan\u00edt\u00f3k 1869 aug. 20\u201323 \u2013\u00e1n Bp.-en tartott negyedik egyetemes gy\u0171l\u00e9s\u00e9nek napl\u00f3ja (Bp., 1891)<\/p>\n","protected":false},"featured_media":0,"comment_status":"open","ping_status":"closed","template":"","meta":[],"product_brand":[],"product_cat":[137],"product_tag":[],"class_list":{"0":"post-16052","1":"product","2":"type-product","3":"status-publish","5":"product_cat-maros-megyei-eletrajzi-lexikon","7":"first","8":"instock","9":"shipping-taxable","10":"product-type-simple"},"_links":{"self":[{"href":"https:\/\/uj.adatbank.ro\/lexikon\/wp-json\/wp\/v2\/product\/16052","targetHints":{"allow":["GET"]}}],"collection":[{"href":"https:\/\/uj.adatbank.ro\/lexikon\/wp-json\/wp\/v2\/product"}],"about":[{"href":"https:\/\/uj.adatbank.ro\/lexikon\/wp-json\/wp\/v2\/types\/product"}],"replies":[{"embeddable":true,"href":"https:\/\/uj.adatbank.ro\/lexikon\/wp-json\/wp\/v2\/comments?post=16052"}],"wp:attachment":[{"href":"https:\/\/uj.adatbank.ro\/lexikon\/wp-json\/wp\/v2\/media?parent=16052"}],"wp:term":[{"taxonomy":"product_brand","embeddable":true,"href":"https:\/\/uj.adatbank.ro\/lexikon\/wp-json\/wp\/v2\/product_brand?post=16052"},{"taxonomy":"product_cat","embeddable":true,"href":"https:\/\/uj.adatbank.ro\/lexikon\/wp-json\/wp\/v2\/product_cat?post=16052"},{"taxonomy":"product_tag","embeddable":true,"href":"https:\/\/uj.adatbank.ro\/lexikon\/wp-json\/wp\/v2\/product_tag?post=16052"}],"curies":[{"name":"wp","href":"https:\/\/api.w.org\/{rel}","templated":true}]}}